{"id":96,"date":"2018-03-19T15:07:38","date_gmt":"2018-03-19T15:07:38","guid":{"rendered":"http:\/\/queleparece.com\/IFRC\/?page_id=96"},"modified":"2026-04-24T16:45:21","modified_gmt":"2026-04-24T16:45:21","slug":"voluntarios-en-accion-formulario-2","status":"publish","type":"page","link":"https:\/\/volunteeringredcross.org\/es\/voluntarios-en-accion-formulario-2\/","title":{"rendered":"Voluntarios en Acci\u00f3n"},"content":{"rendered":"<p><\/p>\n<h2 style=\"text-align: center;\">Agregue su proyecto o iniciativa humanitaria<\/h2>\n<p style=\"text-align: center;\">De esta forma, podremos mostrar el gran impacto que tenemos en nuestro accionar humanitario d\u00eda a d\u00eda.<\/p>\n<p style=\"text-align: center;\">Para subir fotograf\u00edas e informaci\u00f3n se deben seguir estas <a href=\"https:\/\/volunteeringredcross.org\/wp-content\/uploads\/2019\/09\/Photo-Guideline-ES-resumen.pdf\" target=\"_blank\" rel=\"noopener\">gu\u00edas<\/a>, en general se debe respetar<br \/>\nla dignidad humana y seguir nuestros Principios Fundamentales en cada<br \/>\npublicaci\u00f3n que se ingrese. Cualquier fotograf\u00eda o informaci\u00f3n que no respete dichas gu\u00edas<br \/>\nser\u00e1 eliminada. Al ingresar a esta p\u00e1gina se entiende que acepta dichas condiciones.<\/p>\n<p><\/p>","protected":false},"excerpt":{"rendered":"<p>Agregue su proyecto o iniciativa humanitaria De esta forma, podremos mostrar el gran impacto que tenemos en nuestro accionar humanitario d\u00eda a d\u00eda. Para subir fotograf\u00edas e informaci\u00f3n se deben seguir estas gu\u00edas, en general se debe respetar la dignidad humana y seguir nuestros Principios Fundamentales en cada publicaci\u00f3n que se ingrese. Cualquier fotograf\u00eda o [&hellip;]<\/p>\n","protected":false},"author":1,"featured_media":0,"parent":0,"menu_order":0,"comment_status":"closed","ping_status":"closed","template":"formulario-voluntariado.php","meta":{"_acf_changed":false,"_bbp_topic_count":0,"_bbp_reply_count":0,"_bbp_total_topic_count":0,"_bbp_total_reply_count":0,"_bbp_voice_count":0,"_bbp_anonymous_reply_count":0,"_bbp_topic_count_hidden":0,"_bbp_reply_count_hidden":0,"_bbp_forum_subforum_count":0,"two_page_speed":{"current_score":{"desktop_score":39,"desktop_tti":"5.3\u00a0","mobile_score":34,"mobile_tti":"26.6\u00a0","date":"23.04.2026 12:03:48 pm","status":"error_no_score"}},"footnotes":""},"class_list":["post-96","page","type-page","status-publish","hentry"],"acf":[],"_links":{"self":[{"href":"https:\/\/volunteeringredcross.org\/es\/wp-json\/wp\/v2\/pages\/96","targetHints":{"allow":["GET"]}}],"collection":[{"href":"https:\/\/volunteeringredcross.org\/es\/wp-json\/wp\/v2\/pages"}],"about":[{"href":"https:\/\/volunteeringredcross.org\/es\/wp-json\/wp\/v2\/types\/page"}],"author":[{"embeddable":true,"href":"https:\/\/volunteeringredcross.org\/es\/wp-json\/wp\/v2\/users\/1"}],"replies":[{"embeddable":true,"href":"https:\/\/volunteeringredcross.org\/es\/wp-json\/wp\/v2\/comments?post=96"}],"version-history":[{"count":154,"href":"https:\/\/volunteeringredcross.org\/es\/wp-json\/wp\/v2\/pages\/96\/revisions"}],"predecessor-version":[{"id":25074,"href":"https:\/\/volunteeringredcross.org\/es\/wp-json\/wp\/v2\/pages\/96\/revisions\/25074"}],"wp:attachment":[{"href":"https:\/\/volunteeringredcross.org\/es\/wp-json\/wp\/v2\/media?parent=96"}],"curies":[{"name":"wp","href":"https:\/\/api.w.org\/{rel}","templated":true}]}}