{"id":5634,"date":"2020-05-05T07:26:36","date_gmt":"2020-05-05T13:26:36","guid":{"rendered":"https:\/\/pxdev3.com\/IFRC2022\/?page_id=5634"},"modified":"2026-05-09T08:45:51","modified_gmt":"2026-05-09T08:45:51","slug":"protection-gender-and-inclusion","status":"publish","type":"page","link":"https:\/\/volunteeringredcross.org\/es\/protection-gender-and-inclusion\/","title":{"rendered":"Protecci\u00f3n, G\u00e9nero e Inclusi\u00f3n"},"content":{"rendered":"\t\t<div data-elementor-type=\"wp-page\" data-elementor-id=\"5634\" class=\"elementor elementor-5634\" data-elementor-post-type=\"page\">\n\t\t\t\t\t\t<section class=\"elementor-section elementor-top-section elementor-element elementor-element-7113bf8 elementor-section-full_width elementor-section-height-min-height elementor-section-height-default elementor-section-items-middle\" data-id=\"7113bf8\" data-element_type=\"section\" data-e-type=\"section\" data-settings=\"{&quot;background_background&quot;:&quot;classic&quot;}\">\n\t\t\t\t\t\t<div class=\"elementor-container elementor-column-gap-default\">\n\t\t\t\t\t<div class=\"elementor-column elementor-col-100 elementor-top-column elementor-element elementor-element-0bf76af\" data-id=\"0bf76af\" data-element_type=\"column\" data-e-type=\"column\">\n\t\t\t<div class=\"elementor-widget-wrap elementor-element-populated\">\n\t\t\t\t\t\t<div class=\"elementor-element elementor-element-acbd991 elementor-widget elementor-widget-heading\" data-id=\"acbd991\" data-element_type=\"widget\" data-e-type=\"widget\" data-widget_type=\"heading.default\">\n\t\t\t\t<div class=\"elementor-widget-container\">\n\t\t\t\t\t<h2 class=\"elementor-heading-title elementor-size-default\">Protection Gender and Inclusion<\/h2>\t\t\t\t<\/div>\n\t\t\t\t<\/div>\n\t\t\t\t\t<\/div>\n\t\t<\/div>\n\t\t\t\t\t<\/div>\n\t\t<\/section>\n\t\t\t\t<section class=\"elementor-section elementor-top-section elementor-element elementor-element-cca41b0 elementor-section-boxed elementor-section-height-default elementor-section-height-default\" data-id=\"cca41b0\" data-element_type=\"section\" data-e-type=\"section\" data-settings=\"{&quot;background_background&quot;:&quot;classic&quot;}\">\n\t\t\t\t\t\t<div class=\"elementor-container elementor-column-gap-default\">\n\t\t\t\t\t<div class=\"elementor-column elementor-col-100 elementor-top-column elementor-element elementor-element-dea47bb\" data-id=\"dea47bb\" data-element_type=\"column\" data-e-type=\"column\">\n\t\t\t<div class=\"elementor-widget-wrap elementor-element-populated\">\n\t\t\t\t\t\t<div class=\"elementor-element elementor-element-64efe42 elementor-widget elementor-widget-spacer\" data-id=\"64efe42\" data-element_type=\"widget\" data-e-type=\"widget\" data-widget_type=\"spacer.default\">\n\t\t\t\t<div class=\"elementor-widget-container\">\n\t\t\t\t\t\t\t<div class=\"elementor-spacer\">\n\t\t\t<div class=\"elementor-spacer-inner\"><\/div>\n\t\t<\/div>\n\t\t\t\t\t\t<\/div>\n\t\t\t\t<\/div>\n\t\t\t\t<div class=\"elementor-element elementor-element-6d742de elementor-widget elementor-widget-heading\" data-id=\"6d742de\" data-element_type=\"widget\" data-e-type=\"widget\" data-widget_type=\"heading.default\">\n\t\t\t\t<div class=\"elementor-widget-container\">\n\t\t\t\t\t<h2 class=\"elementor-heading-title elementor-size-default\">PROTECTION GENDER AND INCLUSION<\/h2>\t\t\t\t<\/div>\n\t\t\t\t<\/div>\n\t\t\t\t<div class=\"elementor-element elementor-element-739274e elementor-widget elementor-widget-text-editor\" data-id=\"739274e\" data-element_type=\"widget\" data-e-type=\"widget\" data-widget_type=\"text-editor.default\">\n\t\t\t\t<div class=\"elementor-widget-container\">\n\t\t\t\t\t\t\t\t\tIn this section, you will find key information in relation to\u00a0Protection, Gender and Inclusion (PGI) during COVID-19 and other resources.\t\t\t\t\t\t\t\t<\/div>\n\t\t\t\t<\/div>\n\t\t\t\t<div class=\"elementor-element elementor-element-6079d43 elementor-widget elementor-widget-spacer\" data-id=\"6079d43\" data-element_type=\"widget\" data-e-type=\"widget\" data-widget_type=\"spacer.default\">\n\t\t\t\t<div class=\"elementor-widget-container\">\n\t\t\t\t\t\t\t<div class=\"elementor-spacer\">\n\t\t\t<div class=\"elementor-spacer-inner\"><\/div>\n\t\t<\/div>\n\t\t\t\t\t\t<\/div>\n\t\t\t\t<\/div>\n\t\t\t\t\t<\/div>\n\t\t<\/div>\n\t\t\t\t\t<\/div>\n\t\t<\/section>\n\t\t\t\t<section class=\"elementor-section elementor-top-section elementor-element elementor-element-96c3911 elementor-section-boxed elementor-section-height-default elementor-section-height-default\" data-id=\"96c3911\" data-element_type=\"section\" data-e-type=\"section\">\n\t\t\t\t\t\t<div class=\"elementor-container elementor-column-gap-default\">\n\t\t\t\t\t<div class=\"elementor-column elementor-col-100 elementor-top-column elementor-element elementor-element-9773ca3\" data-id=\"9773ca3\" data-element_type=\"column\" data-e-type=\"column\">\n\t\t\t<div class=\"elementor-widget-wrap elementor-element-populated\">\n\t\t\t\t\t\t<div class=\"elementor-element elementor-element-5808195 elementor-widget elementor-widget-accordion\" data-id=\"5808195\" data-element_type=\"widget\" data-e-type=\"widget\" data-widget_type=\"accordion.default\">\n\t\t\t\t<div class=\"elementor-widget-container\">\n\t\t\t\t\t\t\t<div class=\"elementor-accordion\">\n\t\t\t\t\t\t\t<div class=\"elementor-accordion-item\">\n\t\t\t\t\t<div id=\"elementor-tab-title-9231\" class=\"elementor-tab-title\" data-tab=\"1\" role=\"button\" aria-controls=\"elementor-tab-content-9231\" aria-expanded=\"false\">\n\t\t\t\t\t\t\t\t\t\t\t\t\t<span class=\"elementor-accordion-icon elementor-accordion-icon-left\" aria-hidden=\"true\">\n\t\t\t\t\t\t\t\t\t\t\t\t\t\t\t<span class=\"elementor-accordion-icon-closed\"><svg xmlns:xlink=\"http:\/\/www.w3.org\/1999\/xlink\" xmlns=\"http:\/\/www.w3.org\/2000\/svg\" id=\"Capa_1\" data-name=\"Capa 1\" viewBox=\"0 0 51.78 71.71\" class=\"svg_custom replaced-svg\" width=\"51.78\" height=\"71.71\"><defs><style>.cls-1{fill:#ffffff;}.cls-2{fill:#ffffff;}<\/style><\/defs><title>TAP \u00cdCONO AZUL<\/title><path class=\"cls-1\" d=\"M49.34,11.37a38,38,0,0,0-46.91,0l-2-2.56A40.81,40.81,0,0,1,25.89,0,40.85,40.85,0,0,1,51.36,8.81Z\" fill=\"#FFFFFF\"><\/path><path class=\"cls-2\" d=\"M8.61,71.71H0L0,16H31.21A3.26,3.26,0,0,1,33,22l-.29.15-6,2.46h25V56.68H27.15a3.72,3.72,0,0,1-3.72-3.56V50.55H8.61ZM3.3,68.45H5.35V50.55h-2Zm23.38-40.6v25.2a.46.46,0,0,0,.46.37H48.51V27.85ZM3.26,47.28H23.43V38.9H18.2v6.85H9.07V38.9H3.26Zm9.08-4.8h2.6V35.64h6.84V33H14.94V26.19h-2.6V33H5.49v2.6h6.85ZM3.26,19.27V29.78H9.07V22.93H18.2v6.84h5.22V24.88h0a3.23,3.23,0,0,1,1.44-3l.29-.15,6-2.46Zm38.07,33a11.49,11.49,0,1,1,0-23,12,12,0,0,1,3.31.47l.7.23,1.09.39v2.29l-1.08.41a8.2,8.2,0,0,0,0,15.5l1.09.39v2.32l-1.12.43A12.56,12.56,0,0,1,41.33,52.24ZM40,32.62a8.19,8.19,0,0,0-.14,16.23,11.56,11.56,0,0,1-3.35-8.11A11.34,11.34,0,0,1,40,32.62Z\" fill=\"#FFFFFF\"><\/path><\/svg><\/span>\n\t\t\t\t\t\t\t\t<span class=\"elementor-accordion-icon-opened\"><svg xmlns:xlink=\"http:\/\/www.w3.org\/1999\/xlink\" xmlns=\"http:\/\/www.w3.org\/2000\/svg\" id=\"Capa_1\" data-name=\"Capa 1\" viewBox=\"0 0 51.78 71.71\" class=\"svg_custom replaced-svg\" width=\"51.78\" height=\"71.71\"><defs><style>.cls-1{fill:#ffffff;}.cls-2{fill:#ffffff;}<\/style><\/defs><title>TAP \u00cdCONO AZUL<\/title><path class=\"cls-1\" d=\"M49.34,11.37a38,38,0,0,0-46.91,0l-2-2.56A40.81,40.81,0,0,1,25.89,0,40.85,40.85,0,0,1,51.36,8.81Z\" fill=\"#FFFFFF\"><\/path><path class=\"cls-2\" d=\"M8.61,71.71H0L0,16H31.21A3.26,3.26,0,0,1,33,22l-.29.15-6,2.46h25V56.68H27.15a3.72,3.72,0,0,1-3.72-3.56V50.55H8.61ZM3.3,68.45H5.35V50.55h-2Zm23.38-40.6v25.2a.46.46,0,0,0,.46.37H48.51V27.85ZM3.26,47.28H23.43V38.9H18.2v6.85H9.07V38.9H3.26Zm9.08-4.8h2.6V35.64h6.84V33H14.94V26.19h-2.6V33H5.49v2.6h6.85ZM3.26,19.27V29.78H9.07V22.93H18.2v6.84h5.22V24.88h0a3.23,3.23,0,0,1,1.44-3l.29-.15,6-2.46Zm38.07,33a11.49,11.49,0,1,1,0-23,12,12,0,0,1,3.31.47l.7.23,1.09.39v2.29l-1.08.41a8.2,8.2,0,0,0,0,15.5l1.09.39v2.32l-1.12.43A12.56,12.56,0,0,1,41.33,52.24ZM40,32.62a8.19,8.19,0,0,0-.14,16.23,11.56,11.56,0,0,1-3.35-8.11A11.34,11.34,0,0,1,40,32.62Z\" fill=\"#FFFFFF\"><\/path><\/svg><\/span>\n\t\t\t\t\t\t\t\t\t\t\t\t\t\t<\/span>\n\t\t\t\t\t\t\t\t\t\t\t\t<a class=\"elementor-accordion-title\" tabindex=\"0\">Child Protection<\/a>\n\t\t\t\t\t<\/div>\n\t\t\t\t\t<div id=\"elementor-tab-content-9231\" class=\"elementor-tab-content elementor-clearfix\" data-tab=\"1\" role=\"region\" aria-labelledby=\"elementor-tab-title-9231\"><ul>\n \t<li><a href=\"https:\/\/volunteeringredcross.org\/wp-content\/uploads\/2020\/05\/IFRC-COVID19-Child-Friendly-Messaging.pdf\" target=\"_blank\" rel=\"noopener\">IFRC COVID19 Child Friendly Messaging<\/a><\/li>\n \t<li><a href=\"https:\/\/volunteeringredcross.org\/wp-content\/uploads\/2020\/05\/IFRC-COVID19-Child-Protection-Overview.pdf\" target=\"_blank\" rel=\"noopener\">IFRC COVID19 Child Protection Overview<\/a><\/li>\n \t<li><a href=\"https:\/\/volunteeringredcross.org\/wp-content\/uploads\/2020\/05\/IFRC-COVID19-Child-Safeguarding-for-NS.pdf\" target=\"_blank\" rel=\"noopener\">IFRC COVID19 Child Safeguarding for NS<\/a><\/li>\n<\/ul><\/div>\n\t\t\t\t<\/div>\n\t\t\t\t\t\t\t<div class=\"elementor-accordion-item\">\n\t\t\t\t\t<div id=\"elementor-tab-title-9232\" class=\"elementor-tab-title\" data-tab=\"2\" role=\"button\" aria-controls=\"elementor-tab-content-9232\" aria-expanded=\"false\">\n\t\t\t\t\t\t\t\t\t\t\t\t\t<span class=\"elementor-accordion-icon elementor-accordion-icon-left\" aria-hidden=\"true\">\n\t\t\t\t\t\t\t\t\t\t\t\t\t\t\t<span class=\"elementor-accordion-icon-closed\"><svg xmlns:xlink=\"http:\/\/www.w3.org\/1999\/xlink\" xmlns=\"http:\/\/www.w3.org\/2000\/svg\" id=\"Capa_1\" data-name=\"Capa 1\" viewBox=\"0 0 51.78 71.71\" class=\"svg_custom replaced-svg\" width=\"51.78\" height=\"71.71\"><defs><style>.cls-1{fill:#ffffff;}.cls-2{fill:#ffffff;}<\/style><\/defs><title>TAP \u00cdCONO AZUL<\/title><path class=\"cls-1\" d=\"M49.34,11.37a38,38,0,0,0-46.91,0l-2-2.56A40.81,40.81,0,0,1,25.89,0,40.85,40.85,0,0,1,51.36,8.81Z\" fill=\"#FFFFFF\"><\/path><path class=\"cls-2\" d=\"M8.61,71.71H0L0,16H31.21A3.26,3.26,0,0,1,33,22l-.29.15-6,2.46h25V56.68H27.15a3.72,3.72,0,0,1-3.72-3.56V50.55H8.61ZM3.3,68.45H5.35V50.55h-2Zm23.38-40.6v25.2a.46.46,0,0,0,.46.37H48.51V27.85ZM3.26,47.28H23.43V38.9H18.2v6.85H9.07V38.9H3.26Zm9.08-4.8h2.6V35.64h6.84V33H14.94V26.19h-2.6V33H5.49v2.6h6.85ZM3.26,19.27V29.78H9.07V22.93H18.2v6.84h5.22V24.88h0a3.23,3.23,0,0,1,1.44-3l.29-.15,6-2.46Zm38.07,33a11.49,11.49,0,1,1,0-23,12,12,0,0,1,3.31.47l.7.23,1.09.39v2.29l-1.08.41a8.2,8.2,0,0,0,0,15.5l1.09.39v2.32l-1.12.43A12.56,12.56,0,0,1,41.33,52.24ZM40,32.62a8.19,8.19,0,0,0-.14,16.23,11.56,11.56,0,0,1-3.35-8.11A11.34,11.34,0,0,1,40,32.62Z\" fill=\"#FFFFFF\"><\/path><\/svg><\/span>\n\t\t\t\t\t\t\t\t<span class=\"elementor-accordion-icon-opened\"><svg xmlns:xlink=\"http:\/\/www.w3.org\/1999\/xlink\" xmlns=\"http:\/\/www.w3.org\/2000\/svg\" id=\"Capa_1\" data-name=\"Capa 1\" viewBox=\"0 0 51.78 71.71\" class=\"svg_custom replaced-svg\" width=\"51.78\" height=\"71.71\"><defs><style>.cls-1{fill:#ffffff;}.cls-2{fill:#ffffff;}<\/style><\/defs><title>TAP \u00cdCONO AZUL<\/title><path class=\"cls-1\" d=\"M49.34,11.37a38,38,0,0,0-46.91,0l-2-2.56A40.81,40.81,0,0,1,25.89,0,40.85,40.85,0,0,1,51.36,8.81Z\" fill=\"#FFFFFF\"><\/path><path class=\"cls-2\" d=\"M8.61,71.71H0L0,16H31.21A3.26,3.26,0,0,1,33,22l-.29.15-6,2.46h25V56.68H27.15a3.72,3.72,0,0,1-3.72-3.56V50.55H8.61ZM3.3,68.45H5.35V50.55h-2Zm23.38-40.6v25.2a.46.46,0,0,0,.46.37H48.51V27.85ZM3.26,47.28H23.43V38.9H18.2v6.85H9.07V38.9H3.26Zm9.08-4.8h2.6V35.64h6.84V33H14.94V26.19h-2.6V33H5.49v2.6h6.85ZM3.26,19.27V29.78H9.07V22.93H18.2v6.84h5.22V24.88h0a3.23,3.23,0,0,1,1.44-3l.29-.15,6-2.46Zm38.07,33a11.49,11.49,0,1,1,0-23,12,12,0,0,1,3.31.47l.7.23,1.09.39v2.29l-1.08.41a8.2,8.2,0,0,0,0,15.5l1.09.39v2.32l-1.12.43A12.56,12.56,0,0,1,41.33,52.24ZM40,32.62a8.19,8.19,0,0,0-.14,16.23,11.56,11.56,0,0,1-3.35-8.11A11.34,11.34,0,0,1,40,32.62Z\" fill=\"#FFFFFF\"><\/path><\/svg><\/span>\n\t\t\t\t\t\t\t\t\t\t\t\t\t\t<\/span>\n\t\t\t\t\t\t\t\t\t\t\t\t<a class=\"elementor-accordion-title\" tabindex=\"0\">SGBV Disclosure and safe Referrals<\/a>\n\t\t\t\t\t<\/div>\n\t\t\t\t\t<div id=\"elementor-tab-content-9232\" class=\"elementor-tab-content elementor-clearfix\" data-tab=\"2\" role=\"region\" aria-labelledby=\"elementor-tab-title-9232\">Here, you will find the recordings on How to Support a Survivor of Sexual and Gender Based Violence and Provide Safe Referral (Handling SGBV Disclosure and safe Referrals) in English and French language, targeting volunteers and frontline staff.\n<ul>\n \t<li><a href=\"https:\/\/www.dropbox.com\/s\/qz32eg2e7bl0slz\/zoom_6%20copy.mp4?dl=0\" target=\"_blank\" rel=\"noopener\">Recording in English<\/a><\/li>\n \t<li><a href=\"https:\/\/www.dropbox.com\/s\/x7ccl0fj9mbds01\/zoom_0.mp4?dl=0\" target=\"_blank\" rel=\"noopener\">Recording in French<\/a><\/li>\n<\/ul><\/div>\n\t\t\t\t<\/div>\n\t\t\t\t\t\t\t<div class=\"elementor-accordion-item\">\n\t\t\t\t\t<div id=\"elementor-tab-title-9233\" class=\"elementor-tab-title\" data-tab=\"3\" role=\"button\" aria-controls=\"elementor-tab-content-9233\" aria-expanded=\"false\">\n\t\t\t\t\t\t\t\t\t\t\t\t\t<span class=\"elementor-accordion-icon elementor-accordion-icon-left\" aria-hidden=\"true\">\n\t\t\t\t\t\t\t\t\t\t\t\t\t\t\t<span class=\"elementor-accordion-icon-closed\"><svg xmlns:xlink=\"http:\/\/www.w3.org\/1999\/xlink\" xmlns=\"http:\/\/www.w3.org\/2000\/svg\" id=\"Capa_1\" data-name=\"Capa 1\" viewBox=\"0 0 51.78 71.71\" class=\"svg_custom replaced-svg\" width=\"51.78\" height=\"71.71\"><defs><style>.cls-1{fill:#ffffff;}.cls-2{fill:#ffffff;}<\/style><\/defs><title>TAP \u00cdCONO AZUL<\/title><path class=\"cls-1\" d=\"M49.34,11.37a38,38,0,0,0-46.91,0l-2-2.56A40.81,40.81,0,0,1,25.89,0,40.85,40.85,0,0,1,51.36,8.81Z\" fill=\"#FFFFFF\"><\/path><path class=\"cls-2\" d=\"M8.61,71.71H0L0,16H31.21A3.26,3.26,0,0,1,33,22l-.29.15-6,2.46h25V56.68H27.15a3.72,3.72,0,0,1-3.72-3.56V50.55H8.61ZM3.3,68.45H5.35V50.55h-2Zm23.38-40.6v25.2a.46.46,0,0,0,.46.37H48.51V27.85ZM3.26,47.28H23.43V38.9H18.2v6.85H9.07V38.9H3.26Zm9.08-4.8h2.6V35.64h6.84V33H14.94V26.19h-2.6V33H5.49v2.6h6.85ZM3.26,19.27V29.78H9.07V22.93H18.2v6.84h5.22V24.88h0a3.23,3.23,0,0,1,1.44-3l.29-.15,6-2.46Zm38.07,33a11.49,11.49,0,1,1,0-23,12,12,0,0,1,3.31.47l.7.23,1.09.39v2.29l-1.08.41a8.2,8.2,0,0,0,0,15.5l1.09.39v2.32l-1.12.43A12.56,12.56,0,0,1,41.33,52.24ZM40,32.62a8.19,8.19,0,0,0-.14,16.23,11.56,11.56,0,0,1-3.35-8.11A11.34,11.34,0,0,1,40,32.62Z\" fill=\"#FFFFFF\"><\/path><\/svg><\/span>\n\t\t\t\t\t\t\t\t<span class=\"elementor-accordion-icon-opened\"><svg xmlns:xlink=\"http:\/\/www.w3.org\/1999\/xlink\" xmlns=\"http:\/\/www.w3.org\/2000\/svg\" id=\"Capa_1\" data-name=\"Capa 1\" viewBox=\"0 0 51.78 71.71\" class=\"svg_custom replaced-svg\" width=\"51.78\" height=\"71.71\"><defs><style>.cls-1{fill:#ffffff;}.cls-2{fill:#ffffff;}<\/style><\/defs><title>TAP \u00cdCONO AZUL<\/title><path class=\"cls-1\" d=\"M49.34,11.37a38,38,0,0,0-46.91,0l-2-2.56A40.81,40.81,0,0,1,25.89,0,40.85,40.85,0,0,1,51.36,8.81Z\" fill=\"#FFFFFF\"><\/path><path class=\"cls-2\" d=\"M8.61,71.71H0L0,16H31.21A3.26,3.26,0,0,1,33,22l-.29.15-6,2.46h25V56.68H27.15a3.72,3.72,0,0,1-3.72-3.56V50.55H8.61ZM3.3,68.45H5.35V50.55h-2Zm23.38-40.6v25.2a.46.46,0,0,0,.46.37H48.51V27.85ZM3.26,47.28H23.43V38.9H18.2v6.85H9.07V38.9H3.26Zm9.08-4.8h2.6V35.64h6.84V33H14.94V26.19h-2.6V33H5.49v2.6h6.85ZM3.26,19.27V29.78H9.07V22.93H18.2v6.84h5.22V24.88h0a3.23,3.23,0,0,1,1.44-3l.29-.15,6-2.46Zm38.07,33a11.49,11.49,0,1,1,0-23,12,12,0,0,1,3.31.47l.7.23,1.09.39v2.29l-1.08.41a8.2,8.2,0,0,0,0,15.5l1.09.39v2.32l-1.12.43A12.56,12.56,0,0,1,41.33,52.24ZM40,32.62a8.19,8.19,0,0,0-.14,16.23,11.56,11.56,0,0,1-3.35-8.11A11.34,11.34,0,0,1,40,32.62Z\" fill=\"#FFFFFF\"><\/path><\/svg><\/span>\n\t\t\t\t\t\t\t\t\t\t\t\t\t\t<\/span>\n\t\t\t\t\t\t\t\t\t\t\t\t<a class=\"elementor-accordion-title\" tabindex=\"0\">External Resources<\/a>\n\t\t\t\t\t<\/div>\n\t\t\t\t\t<div id=\"elementor-tab-content-9233\" class=\"elementor-tab-content elementor-clearfix\" data-tab=\"3\" role=\"region\" aria-labelledby=\"elementor-tab-title-9233\"><a href=\"https:\/\/alliancecpha.org\/en\/COVD19\" target=\"_blank\" rel=\"noopener\">The Alliance for Child Protection in Humanitarian Action<\/a>\n\nThe Alliance produced this\u00a0<a href=\"http:\/\/alliancecpha.org\/en\/system\/tdf\/library\/attachments\/the_alliance_covid_19_brief_version_1.pdf?file=1&amp;type=node&amp;id=37184\" target=\"_blank\" rel=\"noopener\">technical note<\/a>\u00a0on the protection of children during the COVID-19 pandemic.\u00a0The aim of this brief is to support child protection practitioners to better respond to the child protection risks during a COVID-19 pandemic.<\/div>\n\t\t\t\t<\/div>\n\t\t\t\t\t\t\t\t<\/div>\n\t\t\t\t\t\t<\/div>\n\t\t\t\t<\/div>\n\t\t\t\t<div class=\"elementor-element elementor-element-f997a63 elementor-widget elementor-widget-spacer\" data-id=\"f997a63\" data-element_type=\"widget\" data-e-type=\"widget\" data-widget_type=\"spacer.default\">\n\t\t\t\t<div class=\"elementor-widget-container\">\n\t\t\t\t\t\t\t<div class=\"elementor-spacer\">\n\t\t\t<div class=\"elementor-spacer-inner\"><\/div>\n\t\t<\/div>\n\t\t\t\t\t\t<\/div>\n\t\t\t\t<\/div>\n\t\t\t\t\t<\/div>\n\t\t<\/div>\n\t\t\t\t\t<\/div>\n\t\t<\/section>\n\t\t\t\t<\/div>\n\t\t","protected":false},"excerpt":{"rendered":"<p>Protection Gender and Inclusion PROTECTION GENDER AND INCLUSION En esta secci\u00f3n, encontrar\u00e1 informaci\u00f3n clave en relaci\u00f3n con Protecci\u00f3n, G\u00e9nero e Inclusi\u00f3n (PGI) TAP \u00cdCONO AZUL TAP \u00cdCONO AZUL Child Protection IFRC COVID19 Child Friendly Messaging IFRC COVID19 Child Protection Overview IFRC COVID19 Child Safeguarding for NS TAP \u00cdCONO AZUL TAP \u00cdCONO AZUL SGBV Disclosure and [&hellip;]<\/p>\n","protected":false},"author":1,"featured_media":0,"parent":0,"menu_order":0,"comment_status":"closed","ping_status":"closed","template":"plantilla_recursos-2023.php","meta":{"_acf_changed":false,"_bbp_topic_count":0,"_bbp_reply_count":0,"_bbp_total_topic_count":0,"_bbp_total_reply_count":0,"_bbp_voice_count":0,"_bbp_anonymous_reply_count":0,"_bbp_topic_count_hidden":0,"_bbp_reply_count_hidden":0,"_bbp_forum_subforum_count":0,"two_page_speed":{"current_score":{"desktop_score":65,"desktop_tti":"2.8\u00a0","mobile_score":86,"mobile_tti":"13.1\u00a0","date":"09.05.2026 08:46:48 am","status":"completed"}},"footnotes":""},"class_list":["post-5634","page","type-page","status-publish","hentry"],"acf":[],"_links":{"self":[{"href":"https:\/\/volunteeringredcross.org\/es\/wp-json\/wp\/v2\/pages\/5634","targetHints":{"allow":["GET"]}}],"collection":[{"href":"https:\/\/volunteeringredcross.org\/es\/wp-json\/wp\/v2\/pages"}],"about":[{"href":"https:\/\/volunteeringredcross.org\/es\/wp-json\/wp\/v2\/types\/page"}],"author":[{"embeddable":true,"href":"https:\/\/volunteeringredcross.org\/es\/wp-json\/wp\/v2\/users\/1"}],"replies":[{"embeddable":true,"href":"https:\/\/volunteeringredcross.org\/es\/wp-json\/wp\/v2\/comments?post=5634"}],"version-history":[{"count":188,"href":"https:\/\/volunteeringredcross.org\/es\/wp-json\/wp\/v2\/pages\/5634\/revisions"}],"predecessor-version":[{"id":26330,"href":"https:\/\/volunteeringredcross.org\/es\/wp-json\/wp\/v2\/pages\/5634\/revisions\/26330"}],"wp:attachment":[{"href":"https:\/\/volunteeringredcross.org\/es\/wp-json\/wp\/v2\/media?parent=5634"}],"curies":[{"name":"wp","href":"https:\/\/api.w.org\/{rel}","templated":true}]}}