{"id":5040,"date":"2020-04-23T13:50:18","date_gmt":"2020-04-23T19:50:18","guid":{"rendered":"https:\/\/pxdev3.com\/IFRC2022\/?page_id=5040"},"modified":"2026-04-23T00:14:51","modified_gmt":"2026-04-23T00:14:51","slug":"english-landing-page-resources","status":"publish","type":"page","link":"https:\/\/volunteeringredcross.org\/es\/english-landing-page-resources\/","title":{"rendered":"Recursos sobre COVID-19"},"content":{"rendered":"\t\t<div data-elementor-type=\"wp-page\" data-elementor-id=\"5040\" class=\"elementor elementor-5040\" data-elementor-post-type=\"page\">\n\t\t\t\t\t\t<section class=\"elementor-section elementor-top-section elementor-element elementor-element-3ab0762 elementor-section-boxed elementor-section-height-default elementor-section-height-default\" data-id=\"3ab0762\" data-element_type=\"section\" data-e-type=\"section\">\n\t\t\t\t\t\t<div class=\"elementor-container elementor-column-gap-default\">\n\t\t\t\t\t<div class=\"elementor-column elementor-col-100 elementor-top-column elementor-element elementor-element-9903972\" data-id=\"9903972\" data-element_type=\"column\" data-e-type=\"column\">\n\t\t\t<div class=\"elementor-widget-wrap\">\n\t\t\t\t\t\t\t<\/div>\n\t\t<\/div>\n\t\t\t\t\t<\/div>\n\t\t<\/section>\n\t\t\t\t<section class=\"elementor-section elementor-top-section elementor-element elementor-element-9bbb6a8 elementor-section-full_width elementor-section-height-min-height elementor-section-height-default elementor-section-items-middle\" data-id=\"9bbb6a8\" data-element_type=\"section\" data-e-type=\"section\" data-settings=\"{&quot;background_background&quot;:&quot;classic&quot;}\">\n\t\t\t\t\t\t<div class=\"elementor-container elementor-column-gap-default\">\n\t\t\t\t\t<div class=\"elementor-column elementor-col-100 elementor-top-column elementor-element elementor-element-b5d6199\" data-id=\"b5d6199\" data-element_type=\"column\" data-e-type=\"column\">\n\t\t\t<div class=\"elementor-widget-wrap elementor-element-populated\">\n\t\t\t\t\t\t<div class=\"elementor-element elementor-element-fa36df6 elementor-widget elementor-widget-heading\" data-id=\"fa36df6\" data-element_type=\"widget\" data-e-type=\"widget\" data-widget_type=\"heading.default\">\n\t\t\t\t<div class=\"elementor-widget-container\">\n\t\t\t\t\t<h2 class=\"elementor-heading-title elementor-size-default\">Resources about COVID-19<\/h2>\t\t\t\t<\/div>\n\t\t\t\t<\/div>\n\t\t\t\t\t<\/div>\n\t\t<\/div>\n\t\t\t\t\t<\/div>\n\t\t<\/section>\n\t\t\t\t<section class=\"elementor-section elementor-top-section elementor-element elementor-element-e2b8366 elementor-section-boxed elementor-section-height-default elementor-section-height-default\" data-id=\"e2b8366\" data-element_type=\"section\" data-e-type=\"section\" data-settings=\"{&quot;background_background&quot;:&quot;classic&quot;}\">\n\t\t\t\t\t\t<div class=\"elementor-container elementor-column-gap-default\">\n\t\t\t\t\t<div class=\"elementor-column elementor-col-50 elementor-top-column elementor-element elementor-element-3925fc0\" data-id=\"3925fc0\" data-element_type=\"column\" data-e-type=\"column\">\n\t\t\t<div class=\"elementor-widget-wrap elementor-element-populated\">\n\t\t\t\t\t\t<div class=\"elementor-element elementor-element-8ebfbe4 elementor-widget elementor-widget-image\" data-id=\"8ebfbe4\" data-element_type=\"widget\" data-e-type=\"widget\" data-widget_type=\"image.default\">\n\t\t\t\t<div class=\"elementor-widget-container\">\n\t\t\t\t\t\t\t\t\t\t\t\t\t\t\t<img fetchpriority=\"high\" decoding=\"async\" width=\"300\" height=\"300\" src=\"https:\/\/volunteeringredcross.org\/wp-content\/uploads\/2020\/04\/Globo-resources.png\" class=\"attachment-large size-large wp-image-5059\" alt=\"\" srcset=\"https:\/\/volunteeringredcross.org\/wp-content\/uploads\/2020\/04\/Globo-resources.png 300w, https:\/\/volunteeringredcross.org\/wp-content\/uploads\/2020\/04\/Globo-resources-150x150.png 150w\" sizes=\"(max-width: 300px) 100vw, 300px\" \/>\t\t\t\t\t\t\t\t\t\t\t\t\t\t\t<\/div>\n\t\t\t\t<\/div>\n\t\t\t\t\t<\/div>\n\t\t<\/div>\n\t\t\t\t<div class=\"elementor-column elementor-col-50 elementor-top-column elementor-element elementor-element-4df7330\" data-id=\"4df7330\" data-element_type=\"column\" data-e-type=\"column\">\n\t\t\t<div class=\"elementor-widget-wrap elementor-element-populated\">\n\t\t\t\t\t\t<div class=\"elementor-element elementor-element-74fe0a6 elementor-widget elementor-widget-heading\" data-id=\"74fe0a6\" data-element_type=\"widget\" data-e-type=\"widget\" data-widget_type=\"heading.default\">\n\t\t\t\t<div class=\"elementor-widget-container\">\n\t\t\t\t\t<h3 class=\"elementor-heading-title elementor-size-default\">WELCOME<\/h3>\t\t\t\t<\/div>\n\t\t\t\t<\/div>\n\t\t\t\t<div class=\"elementor-element elementor-element-f455ad9 elementor-widget elementor-widget-text-editor\" data-id=\"f455ad9\" data-element_type=\"widget\" data-e-type=\"widget\" data-widget_type=\"text-editor.default\">\n\t\t\t\t<div class=\"elementor-widget-container\">\n\t\t\t\t\t\t\t\t\t<p>In this section you will find resources\u00a0to existing validated IFRC documents on different themes. These links will automatically access latest versions of documents from the IFRC\u00a0<a href=\"https:\/\/go.ifrc.org\/\" target=\"_blank\" rel=\"noopener\">GO platform<\/a>, the IFRC extranet\u00a0<a href=\"https:\/\/fednet.ifrc.org\/\" target=\"_blank\" rel=\"noopener\">FedNet<\/a>, and link to the \u00abGDPC\u00bb \u2013 IFRC Business Continuity Plan Help Desk, and others.<\/p><p>Please select below the resources that you would like to access:<\/p><p>\u00a0<\/p><table style=\"margin-left: auto; margin-right: auto;\" border=\"0\" cellspacing=\"5\" cellpadding=\"5\"><tbody><tr><td><p><a href=\"https:\/\/volunteeringredcross.org\/en\/resources-for-ns\/\" rel=\"noopener\"><img decoding=\"async\" class=\"alignnone size-full wp-image-5084\" src=\"https:\/\/volunteeringredcross.org\/wp-content\/uploads\/2020\/04\/Globo-NSs.png\" alt=\"\" width=\"85\" height=\"85\" \/><\/a><\/p><p>\u00a0<\/p><\/td><td><p><strong>\u00a0 <a href=\"https:\/\/volunteeringredcross.org\/en\/resources-for-ns\/\" rel=\"noopener\">COVID-19 General Guidelines<\/a><\/strong><\/p><p>\u00a0<\/p><\/td><\/tr><tr><td><p><a href=\"https:\/\/volunteeringredcross.org\/en\/resources-for-volunteers\/\" rel=\"noopener\"><img decoding=\"async\" class=\"alignnone size-full wp-image-5085\" src=\"https:\/\/volunteeringredcross.org\/wp-content\/uploads\/2020\/04\/Globo-Volunteer.png\" alt=\"\" width=\"85\" height=\"85\" \/><\/a><\/p><p>\u00a0<\/p><\/td><td><p><strong>\u00a0 <a href=\"https:\/\/volunteeringredcross.org\/en\/resources-for-volunteers\/\" rel=\"noopener\">Staff \/ Volunteer Health and\u00a0Well-being<\/a><\/strong><\/p><p>\u00a0<\/p><\/td><\/tr><tr><td><p><a href=\"https:\/\/volunteeringredcross.org\/en\/english-humanitarian-diplomacy-and-advocacy\/\" rel=\"noopener\"><img loading=\"lazy\" decoding=\"async\" class=\"alignnone size-full wp-image-5275\" src=\"https:\/\/volunteeringredcross.org\/wp-content\/uploads\/2020\/04\/Globo-advocacy.png\" alt=\"\" width=\"85\" height=\"85\" \/><\/a><\/p><p>\u00a0<\/p><\/td><td><p><strong>\u00a0 <a href=\"https:\/\/volunteeringredcross.org\/en\/english-humanitarian-diplomacy-and-advocacy\/\" rel=\"noopener\">Humanitarian Diplomacy &#8211; Advocacy<\/a><\/strong><\/p><p>\u00a0<\/p><\/td><\/tr><tr><td><p><a href=\"https:\/\/volunteeringredcross.org\/en\/protection-gender-and-inclusion\/\"><img loading=\"lazy\" decoding=\"async\" class=\"alignnone size-full wp-image-5640\" src=\"https:\/\/volunteeringredcross.org\/wp-content\/uploads\/2020\/05\/Globo-PGI.png\" alt=\"\" width=\"85\" height=\"85\" \/><\/a><\/p><p>\u00a0<\/p><\/td><td><p>\u00a0 <a href=\"https:\/\/volunteeringredcross.org\/en\/protection-gender-and-inclusion\/\"><strong>Protection, Gender and Inclusion (PGI)<\/strong><\/a><\/p><p>\u00a0<\/p><\/td><\/tr><tr><td><p><img loading=\"lazy\" decoding=\"async\" class=\"alignnone size-full wp-image-5942\" src=\"https:\/\/volunteeringredcross.org\/wp-content\/uploads\/2020\/05\/Globo-Health.png\" alt=\"\" width=\"85\" height=\"85\" \/><\/p><p>\u00a0<\/p><\/td><td><p class=\"titulo\"><strong>\u00a0 <a href=\"https:\/\/volunteeringredcross.org\/health-care-in-danger\/\">Health Care in Danger<\/a><\/strong><\/p><p>\u00a0<\/p><\/td><\/tr><tr><td><a href=\"https:\/\/volunteeringredcross.org\/resources-from-national-societies\/\"><img loading=\"lazy\" decoding=\"async\" class=\"alignnone size-full wp-image-6222\" src=\"https:\/\/volunteeringredcross.org\/wp-content\/uploads\/2020\/05\/Globo-NSs-Resources.png\" alt=\"\" width=\"85\" height=\"85\" \/><\/a><\/td><td><p>\u00a0<\/p><p class=\"titulo\"><b>\u00a0\u00a0<a href=\"https:\/\/volunteeringredcross.org\/resources-from-national-societies\/\">Resources from National Societies<\/a><\/b><\/p><p>\u00a0<\/p><\/td><\/tr><tr><td><p>\u00a0<\/p><p><a href=\"https:\/\/volunteeringredcross.org\/education\/\"><img loading=\"lazy\" decoding=\"async\" class=\"alignnone size-full wp-image-6666\" src=\"https:\/\/volunteeringredcross.org\/wp-content\/uploads\/2020\/07\/Globo-Education.png\" alt=\"\" width=\"86\" height=\"85\" \/><\/a><\/p><\/td><td><p>\u00a0<\/p><p>\u00a0<\/p><p class=\"titulo\"><b>\u00a0 <a href=\"https:\/\/volunteeringredcross.org\/education\/\">Education<\/a><\/b><\/p><p>\u00a0<\/p><\/td><\/tr><\/tbody><\/table><p>\u00a0<\/p><p style=\"text-align: center;\">Volunteers from all around the world are sharing their experiences of volunteering in COVID-19.<br \/><a href=\"https:\/\/future-rcrc.com\/mapping-covid-stories\/\" target=\"_blank\" rel=\"noopener\">Click here to see the stories collected<\/a>.<\/p><p><\/p>\t\t\t\t\t\t\t\t<\/div>\n\t\t\t\t<\/div>\n\t\t\t\t\t<\/div>\n\t\t<\/div>\n\t\t\t\t\t<\/div>\n\t\t<\/section>\n\t\t\t\t<section class=\"elementor-section elementor-top-section elementor-element elementor-element-5ab1dff elementor-section-boxed elementor-section-height-default elementor-section-height-default\" data-id=\"5ab1dff\" data-element_type=\"section\" data-e-type=\"section\">\n\t\t\t\t\t\t<div class=\"elementor-container elementor-column-gap-default\">\n\t\t\t\t\t<div class=\"elementor-column elementor-col-100 elementor-top-column elementor-element elementor-element-d7ea8bd\" data-id=\"d7ea8bd\" data-element_type=\"column\" data-e-type=\"column\">\n\t\t\t<div class=\"elementor-widget-wrap elementor-element-populated\">\n\t\t\t\t\t\t<div class=\"elementor-element elementor-element-b1a502a elementor-widget elementor-widget-heading\" data-id=\"b1a502a\" data-element_type=\"widget\" data-e-type=\"widget\" data-widget_type=\"heading.default\">\n\t\t\t\t<div class=\"elementor-widget-container\">\n\t\t\t\t\t<h2 class=\"elementor-heading-title elementor-size-default\">SECTIONS<\/h2>\t\t\t\t<\/div>\n\t\t\t\t<\/div>\n\t\t\t\t<section class=\"elementor-section elementor-inner-section elementor-element elementor-element-779c6ce elementor-section-boxed elementor-section-height-default elementor-section-height-default\" data-id=\"779c6ce\" data-element_type=\"section\" data-e-type=\"section\">\n\t\t\t\t\t\t<div class=\"elementor-container elementor-column-gap-default\">\n\t\t\t\t\t<div class=\"elementor-column elementor-col-25 elementor-inner-column elementor-element elementor-element-2539224\" data-id=\"2539224\" data-element_type=\"column\" data-e-type=\"column\">\n\t\t\t<div class=\"elementor-widget-wrap elementor-element-populated\">\n\t\t\t\t\t\t<div class=\"elementor-element elementor-element-04f87b5 elementor-widget elementor-widget-image\" data-id=\"04f87b5\" data-element_type=\"widget\" data-e-type=\"widget\" data-widget_type=\"image.default\">\n\t\t\t\t<div class=\"elementor-widget-container\">\n\t\t\t\t\t\t\t\t\t\t\t\t\t\t\t\t<a href=\"https:\/\/volunteeringredcross.org\/en\/english-landing-page-resources\/\">\n\t\t\t\t\t\t\t<img loading=\"lazy\" decoding=\"async\" width=\"259\" height=\"296\" src=\"https:\/\/volunteeringredcross.org\/wp-content\/uploads\/2020\/04\/Resources-100.jpg\" class=\"attachment-large size-large wp-image-4587\" alt=\"\" \/>\t\t\t\t\t\t\t\t<\/a>\n\t\t\t\t\t\t\t\t\t\t\t\t\t\t\t<\/div>\n\t\t\t\t<\/div>\n\t\t\t\t\t<\/div>\n\t\t<\/div>\n\t\t\t\t<div class=\"elementor-column elementor-col-25 elementor-inner-column elementor-element elementor-element-e1b4548\" data-id=\"e1b4548\" data-element_type=\"column\" data-e-type=\"column\">\n\t\t\t<div class=\"elementor-widget-wrap elementor-element-populated\">\n\t\t\t\t\t\t<div class=\"elementor-element elementor-element-c6c8de5 elementor-widget elementor-widget-image\" data-id=\"c6c8de5\" data-element_type=\"widget\" data-e-type=\"widget\" data-widget_type=\"image.default\">\n\t\t\t\t<div class=\"elementor-widget-container\">\n\t\t\t\t\t\t\t\t\t\t\t\t\t\t\t\t<a href=\"https:\/\/volunteeringredcross.org\/en\/foros\">\n\t\t\t\t\t\t\t<img loading=\"lazy\" decoding=\"async\" width=\"260\" height=\"297\" src=\"https:\/\/volunteeringredcross.org\/wp-content\/uploads\/2020\/04\/Forum.png\" class=\"attachment-large size-large wp-image-4588\" alt=\"\" \/>\t\t\t\t\t\t\t\t<\/a>\n\t\t\t\t\t\t\t\t\t\t\t\t\t\t\t<\/div>\n\t\t\t\t<\/div>\n\t\t\t\t\t<\/div>\n\t\t<\/div>\n\t\t\t\t<div class=\"elementor-column elementor-col-25 elementor-inner-column elementor-element elementor-element-8f57a20\" data-id=\"8f57a20\" data-element_type=\"column\" data-e-type=\"column\">\n\t\t\t<div class=\"elementor-widget-wrap elementor-element-populated\">\n\t\t\t\t\t\t<div class=\"elementor-element elementor-element-d962071 elementor-widget elementor-widget-image\" data-id=\"d962071\" data-element_type=\"widget\" data-e-type=\"widget\" data-widget_type=\"image.default\">\n\t\t\t\t<div class=\"elementor-widget-container\">\n\t\t\t\t\t\t\t\t\t\t\t\t\t\t\t\t<a href=\"https:\/\/volunteeringredcross.org\/en\/voluntarios-en-accion\/?cat_proyectos%5B%5D=agua&#038;cat_proyectos%5B%5D=alojamiento-provisional-y-de-emergencia&#038;cat_proyectos%5B%5D=forjar-una-cultura-de-no-violencia-y-paz&#038;cat_proyectos%5B%5D=inclusion-social&#038;cat_proyectos%5B%5D=medios-de-vida&#038;cat_proyectos%5B%5D=migracion&#038;cat_proyectos%5B%5D=otro&#038;cat_proyectos%5B%5D=reduccion-del-riesgo-de-desastres&#038;cat_proyectos%5B%5D=salud&#038;cat_proyectos%5B%5D=saneamiento-e-higiene&#038;cat_proyectos%5B%5D=covid19\">\n\t\t\t\t\t\t\t<img loading=\"lazy\" decoding=\"async\" width=\"259\" height=\"297\" src=\"https:\/\/volunteeringredcross.org\/wp-content\/uploads\/2020\/04\/Volunteers-in-action.png\" class=\"attachment-large size-large wp-image-4589\" alt=\"\" \/>\t\t\t\t\t\t\t\t<\/a>\n\t\t\t\t\t\t\t\t\t\t\t\t\t\t\t<\/div>\n\t\t\t\t<\/div>\n\t\t\t\t\t<\/div>\n\t\t<\/div>\n\t\t\t\t<div class=\"elementor-column elementor-col-25 elementor-inner-column elementor-element elementor-element-d3b0fee\" data-id=\"d3b0fee\" data-element_type=\"column\" data-e-type=\"column\">\n\t\t\t<div class=\"elementor-widget-wrap elementor-element-populated\">\n\t\t\t\t\t\t<div class=\"elementor-element elementor-element-137413a elementor-widget elementor-widget-image\" data-id=\"137413a\" data-element_type=\"widget\" data-e-type=\"widget\" data-widget_type=\"image.default\">\n\t\t\t\t<div class=\"elementor-widget-container\">\n\t\t\t\t\t\t\t\t\t\t\t\t\t\t\t\t<a href=\"https:\/\/volunteeringredcross.org\/en\/events-and-training-menu-sokoni\/\">\n\t\t\t\t\t\t\t<img loading=\"lazy\" decoding=\"async\" width=\"259\" height=\"297\" src=\"https:\/\/volunteeringredcross.org\/wp-content\/uploads\/2020\/05\/EventsAndTraining.png\" class=\"attachment-large size-large wp-image-5852\" alt=\"\" \/>\t\t\t\t\t\t\t\t<\/a>\n\t\t\t\t\t\t\t\t\t\t\t\t\t\t\t<\/div>\n\t\t\t\t<\/div>\n\t\t\t\t\t<\/div>\n\t\t<\/div>\n\t\t\t\t\t<\/div>\n\t\t<\/section>\n\t\t\t\t<div class=\"elementor-element elementor-element-80e4d59 elementor-widget elementor-widget-spacer\" data-id=\"80e4d59\" data-element_type=\"widget\" data-e-type=\"widget\" data-widget_type=\"spacer.default\">\n\t\t\t\t<div class=\"elementor-widget-container\">\n\t\t\t\t\t\t\t<div class=\"elementor-spacer\">\n\t\t\t<div class=\"elementor-spacer-inner\"><\/div>\n\t\t<\/div>\n\t\t\t\t\t\t<\/div>\n\t\t\t\t<\/div>\n\t\t\t\t\t<\/div>\n\t\t<\/div>\n\t\t\t\t\t<\/div>\n\t\t<\/section>\n\t\t\t\t<section class=\"elementor-section elementor-top-section elementor-element elementor-element-9bd1521 elementor-section-full_width elementor-section-height-min-height elementor-section-height-default elementor-section-items-middle\" data-id=\"9bd1521\" data-element_type=\"section\" data-e-type=\"section\" data-settings=\"{&quot;background_background&quot;:&quot;classic&quot;}\">\n\t\t\t\t\t\t<div class=\"elementor-container elementor-column-gap-default\">\n\t\t\t\t\t<div class=\"elementor-column elementor-col-100 elementor-top-column elementor-element elementor-element-fb25f2b\" data-id=\"fb25f2b\" data-element_type=\"column\" data-e-type=\"column\">\n\t\t\t<div class=\"elementor-widget-wrap\">\n\t\t\t\t\t\t\t<\/div>\n\t\t<\/div>\n\t\t\t\t\t<\/div>\n\t\t<\/section>\n\t\t\t\t<section class=\"elementor-section elementor-top-section elementor-element elementor-element-ea136f6 elementor-section-boxed elementor-section-height-default elementor-section-height-default\" data-id=\"ea136f6\" data-element_type=\"section\" data-e-type=\"section\">\n\t\t\t\t\t\t<div class=\"elementor-container elementor-column-gap-default\">\n\t\t\t\t\t<div class=\"elementor-column elementor-col-50 elementor-top-column elementor-element elementor-element-d1b7045\" data-id=\"d1b7045\" data-element_type=\"column\" data-e-type=\"column\">\n\t\t\t<div class=\"elementor-widget-wrap elementor-element-populated\">\n\t\t\t\t\t\t<div class=\"elementor-element elementor-element-456fd1b elementor-widget elementor-widget-spacer\" data-id=\"456fd1b\" data-element_type=\"widget\" data-e-type=\"widget\" data-widget_type=\"spacer.default\">\n\t\t\t\t<div class=\"elementor-widget-container\">\n\t\t\t\t\t\t\t<div class=\"elementor-spacer\">\n\t\t\t<div class=\"elementor-spacer-inner\"><\/div>\n\t\t<\/div>\n\t\t\t\t\t\t<\/div>\n\t\t\t\t<\/div>\n\t\t\t\t<div class=\"elementor-element elementor-element-a487538 elementor-widget elementor-widget-text-editor\" data-id=\"a487538\" data-element_type=\"widget\" data-e-type=\"widget\" data-widget_type=\"text-editor.default\">\n\t\t\t\t<div class=\"elementor-widget-container\">\n\t\t\t\t\t\t\t\t\t<p><a href=\"https:\/\/go.ifrc.org\/\" target=\"_blank\" rel=\"noopener\"><img loading=\"lazy\" decoding=\"async\" class=\"size-full wp-image-5300 aligncenter\" src=\"https:\/\/volunteeringredcross.org\/wp-content\/uploads\/2020\/04\/GOResourcesAddtional.png\" alt=\"\" width=\"173\" height=\"56\" \/><\/a><\/p><p>IFRC GO is an online platform for emergency monitoring and response tracking. It combines real-time field information with secondary data and available response capacity information. The platform can be accessed by anyone on\u00a0<a href=\"https:\/\/go.ifrc.org\/\" target=\"_blank\" rel=\"noopener\">go.ifrc.org<\/a>. For Red Cross and Red Crescent staff and volunteers, information restricted to the Movement can be accessed by creating a GO user account. For any questions, please contact\u00a0<a href=\"mailto:IM@ifrc.org\">IM@ifrc.org<\/a>.<\/p><p>\u00a0<\/p><p>\u00a0<\/p><p><a href=\"https:\/\/www.preparecenter.org\/toolkit\/business-continuity-planning-help-desk\" target=\"_blank\" rel=\"noopener\"><img loading=\"lazy\" decoding=\"async\" class=\"size-full wp-image-5413 aligncenter\" src=\"https:\/\/volunteeringredcross.org\/wp-content\/uploads\/2020\/04\/BCPResourcesAddtional.png\" alt=\"\" width=\"173\" height=\"56\" \/><\/a><\/p><p>National Society business continuity planning is a priority as the Red Cross Red Crescent plays a critical role in emergency response, particularly now in the context of COVID-19. Through access to guidance and shared good practices, National Societies can comprehensively plan and strengthen their ability to maintain relevant country-wide services to communities affected by a crisis.<\/p><p>This <a href=\"https:\/\/www.preparecenter.org\/toolkit\/business-continuity-planning-help-desk\" target=\"_blank\" rel=\"noopener\">Help Desk<\/a> is an information and referral resource created by the International Federation of Red Cross Red Crescent Societies (IFRC) and the Global Disaster Preparedness Center (GDPC) to directly support National Societies in this planning process.<\/p><p>For more information contact <a href=\"mailto:bcp.helpdesk@redcross.org\">bcp.helpdesk@redcross.org\u00a0<\/a><\/p><p><\/p>\t\t\t\t\t\t\t\t<\/div>\n\t\t\t\t<\/div>\n\t\t\t\t<div class=\"elementor-element elementor-element-d0cfcfc elementor-widget elementor-widget-spacer\" data-id=\"d0cfcfc\" data-element_type=\"widget\" data-e-type=\"widget\" data-widget_type=\"spacer.default\">\n\t\t\t\t<div class=\"elementor-widget-container\">\n\t\t\t\t\t\t\t<div class=\"elementor-spacer\">\n\t\t\t<div class=\"elementor-spacer-inner\"><\/div>\n\t\t<\/div>\n\t\t\t\t\t\t<\/div>\n\t\t\t\t<\/div>\n\t\t\t\t\t<\/div>\n\t\t<\/div>\n\t\t\t\t<div class=\"elementor-column elementor-col-50 elementor-top-column elementor-element elementor-element-eccd706\" data-id=\"eccd706\" data-element_type=\"column\" data-e-type=\"column\">\n\t\t\t<div class=\"elementor-widget-wrap elementor-element-populated\">\n\t\t\t\t\t\t<div class=\"elementor-element elementor-element-729c6b5 elementor-widget elementor-widget-spacer\" data-id=\"729c6b5\" data-element_type=\"widget\" data-e-type=\"widget\" data-widget_type=\"spacer.default\">\n\t\t\t\t<div class=\"elementor-widget-container\">\n\t\t\t\t\t\t\t<div class=\"elementor-spacer\">\n\t\t\t<div class=\"elementor-spacer-inner\"><\/div>\n\t\t<\/div>\n\t\t\t\t\t\t<\/div>\n\t\t\t\t<\/div>\n\t\t\t\t<div class=\"elementor-element elementor-element-f178910 elementor-widget elementor-widget-text-editor\" data-id=\"f178910\" data-element_type=\"widget\" data-e-type=\"widget\" data-widget_type=\"text-editor.default\">\n\t\t\t\t<div class=\"elementor-widget-container\">\n\t\t\t\t\t\t\t\t\t<p><a href=\"https:\/\/fednet.ifrc.org\/\" target=\"_blank\" rel=\"noopener\"><img loading=\"lazy\" decoding=\"async\" class=\"size-full wp-image-5301 aligncenter\" src=\"https:\/\/volunteeringredcross.org\/wp-content\/uploads\/2020\/04\/FednetResourcesAddtional.png\" alt=\"\" width=\"173\" height=\"56\" \/><\/a><\/p><p><a href=\"https:\/\/fednet.ifrc.org\/\" target=\"_blank\" rel=\"noopener\">FedNet<\/a>\u00a0is the extranet of the International Federation of Red Cross and Red Crescent Societies (Federation), a platform where we can work, collaborate, communicate and inform about the activities of the Federation, its member National Societies and the Secretariat.<\/p><p>We encourage all staff and volunteers of the Red Cross and Red Crescent periodically visit\u00a0<a href=\"https:\/\/fednet.ifrc.org\/\" target=\"_blank\" rel=\"noopener\">FedNet<\/a>.<\/p><p>\u00a0<\/p><p>\u00a0<\/p><p><a href=\"http:\/\/www.ifrc.org\/learning-platform\" target=\"_blank\" rel=\"noopener\"><img loading=\"lazy\" decoding=\"async\" class=\"size-full wp-image-5303 aligncenter\" src=\"https:\/\/volunteeringredcross.org\/wp-content\/uploads\/2020\/04\/LearningPResourcesAddtional.png\" alt=\"\" width=\"173\" height=\"56\" \/><\/a><\/p><p>The Red Cross Red Crescent <a href=\"http:\/\/www.ifrc.org\/learning-platform\" target=\"_blank\" rel=\"noopener\">Learning platform<\/a> is an online learning community for National Society volunteers and staff, as well as partners and the general public. It delivers free, high-quality, multilingual Red Cross Red Crescent and other learning opportunities to support the personal and professional development of volunteers and staff.<\/p><p>There are various self-paced online courses, as well as social learning tools, communities, cohort-based courses, and playlists.<\/p><p>For any questions please contact us at <a href=\"mailto:support.learning@ifrc.org\">support.learning@ifrc.org<\/a>.<\/p><p><\/p>\t\t\t\t\t\t\t\t<\/div>\n\t\t\t\t<\/div>\n\t\t\t\t<div class=\"elementor-element elementor-element-d1e6b54 elementor-widget elementor-widget-spacer\" data-id=\"d1e6b54\" data-element_type=\"widget\" data-e-type=\"widget\" data-widget_type=\"spacer.default\">\n\t\t\t\t<div class=\"elementor-widget-container\">\n\t\t\t\t\t\t\t<div class=\"elementor-spacer\">\n\t\t\t<div class=\"elementor-spacer-inner\"><\/div>\n\t\t<\/div>\n\t\t\t\t\t\t<\/div>\n\t\t\t\t<\/div>\n\t\t\t\t\t<\/div>\n\t\t<\/div>\n\t\t\t\t\t<\/div>\n\t\t<\/section>\n\t\t\t\t<\/div>\n\t\t","protected":false},"excerpt":{"rendered":"<p>Resources about COVID-19 BIENVENIDOS En esta secci\u00f3n encontrar\u00e1 recursos para documentos validados de la Federaci\u00f3n Internacional sobre diferentes temas. Estos enlaces acceder\u00e1n autom\u00e1ticamente a las \u00faltimas versiones de los documentos desde la plataforma IFRC GO, la extranet de la Federaci\u00f3n Internacional FedNet y el enlace al \u00abGDPC\u00bb &#8211; Mesa de Ayuda del Plan de Continuidad [&hellip;]<\/p>\n","protected":false},"author":1,"featured_media":0,"parent":0,"menu_order":0,"comment_status":"closed","ping_status":"closed","template":"principal-covid-2023.php","meta":{"_acf_changed":false,"_bbp_topic_count":0,"_bbp_reply_count":0,"_bbp_total_topic_count":0,"_bbp_total_reply_count":0,"_bbp_voice_count":0,"_bbp_anonymous_reply_count":0,"_bbp_topic_count_hidden":0,"_bbp_reply_count_hidden":0,"_bbp_forum_subforum_count":0,"two_page_speed":{"current_score":{"desktop_score":76,"desktop_tti":"3.0\u00a0","mobile_score":56.99999999999999,"mobile_tti":"13.0\u00a0","date":"23.04.2026 12:15:52 am","status":"completed"}},"footnotes":""},"class_list":["post-5040","page","type-page","status-publish","hentry"],"acf":[],"_links":{"self":[{"href":"https:\/\/volunteeringredcross.org\/es\/wp-json\/wp\/v2\/pages\/5040","targetHints":{"allow":["GET"]}}],"collection":[{"href":"https:\/\/volunteeringredcross.org\/es\/wp-json\/wp\/v2\/pages"}],"about":[{"href":"https:\/\/volunteeringredcross.org\/es\/wp-json\/wp\/v2\/types\/page"}],"author":[{"embeddable":true,"href":"https:\/\/volunteeringredcross.org\/es\/wp-json\/wp\/v2\/users\/1"}],"replies":[{"embeddable":true,"href":"https:\/\/volunteeringredcross.org\/es\/wp-json\/wp\/v2\/comments?post=5040"}],"version-history":[{"count":258,"href":"https:\/\/volunteeringredcross.org\/es\/wp-json\/wp\/v2\/pages\/5040\/revisions"}],"predecessor-version":[{"id":24798,"href":"https:\/\/volunteeringredcross.org\/es\/wp-json\/wp\/v2\/pages\/5040\/revisions\/24798"}],"wp:attachment":[{"href":"https:\/\/volunteeringredcross.org\/es\/wp-json\/wp\/v2\/media?parent=5040"}],"curies":[{"name":"wp","href":"https:\/\/api.w.org\/{rel}","templated":true}]}}