{"id":30,"date":"2018-03-14T20:27:49","date_gmt":"2018-03-14T20:27:49","guid":{"rendered":"http:\/\/queleparece.com\/IFRC\/?page_id=30"},"modified":"2026-05-15T14:24:42","modified_gmt":"2026-05-15T14:24:42","slug":"analisis-y-reportes","status":"publish","type":"page","link":"https:\/\/volunteeringredcross.org\/es\/analisis-y-reportes\/","title":{"rendered":"An\u00e1lisis y Reportes"},"content":{"rendered":"<p><\/p>\n<h1 style=\"text-align: center;\">Estudio de l\u00ednea de base de la gesti\u00f3n del Voluntariado y Juventud en Am\u00e9rica 2019<\/h1>\n<p>El trabajo voluntario, adem\u00e1s de ser uno de los Principios Fundamentales del Movimiento Internacional de la Cruz Roja y la Media Luna Roja, es el motor que impulsa a la organizaci\u00f3n. Es gracias a la labor de los voluntarios que la Cruz Roja tiene la capacidad de ayudar a miles de personas a\u00f1o con a\u00f1o. La importancia que tienen los voluntarios para la organizaci\u00f3n es fundamental y esencial, y es por esta raz\u00f3n que se debe trabajar para fortalecer nuestra base voluntaria d\u00eda a d\u00eda y que esta crezca de forma apropiada, adapt\u00e1ndose a los nuevos desaf\u00edos que se presentan en nuestras sociedades.<\/p>\n<p>Dicho lo anterior, se considera necesario realizar un diagn\u00f3stico de la situaci\u00f3n del voluntariado y la juventud de las Sociedades Nacionales de forma continua, con el fin de que los resultados se puedan utilizar en el desarrollo de estrategias para el fortalecimiento y desarrollo adecuado de nuestros voluntarios y de los servicios voluntarios que ofrecemos a las comunidades en nuestro accionar humanitario.<\/p>\n<p>El presente estudio es la continuaci\u00f3n del cap\u00edtulo 5. Resultados de los estudios base 2013-2015 incluido en el \u201cAn\u00e1lisis de Voluntariado y juventud en Am\u00e9rica\u201d elaborado por la Unidad de Desarrollo del Voluntariado y Juventud para las Am\u00e9ricas, publicado en el a\u00f1o 2016. Dicho cap\u00edtulo se llev\u00f3 a cabo a partir de los datos recopilados en los a\u00f1os 2013-2015. Tambi\u00e9n, se presentan los resultados basados en las encuestas del estudio de l\u00ednea base de los a\u00f1os 2016, 2017 y 2018 como una continuaci\u00f3n a los estudios anteriores.<\/p>\n<p>Es importante aclarar que la participaci\u00f3n de las Sociedades Nacionales en las encuestas no ha sido constante, por lo que hay un sesgo en los resultados debido a una mayor o menor participaci\u00f3n dependiendo del a\u00f1o por cada pa\u00eds. Sin embargo, en el encabezado de cada apartado (tanto en el de Voluntariado como en el de Juventud) se aclara cu\u00e1ntas y cuales Sociedades Nacionales fueron incluidas en cada a\u00f1o.<\/p>\n<p>La encuesta fue enviada a los puntos focales de Voluntariado y de Juventud de cada Sociedad Nacional por correo electr\u00f3nico en enero de 2019. En los a\u00f1os 2013 y 2014 se utiliz\u00f3 Microsoft Excel para la recolecci\u00f3n de la informaci\u00f3n, y para los resultados a partir del a\u00f1o 2015 se utiliz\u00f3 la plataforma SurveyMonkey. Algunas preguntas fueron agregadas a los instrumentos de los a\u00f1os 2015, 2016, 2017 y 2018, por lo que para algunas preguntas s\u00f3lo se cuentan con los datos de esos a\u00f1os.<\/p>","protected":false},"excerpt":{"rendered":"<p>Estudio de l\u00ednea de base de la gesti\u00f3n del Voluntariado y Juventud en Am\u00e9rica 2019 El trabajo voluntario, adem\u00e1s de ser uno de los Principios Fundamentales del Movimiento Internacional de la Cruz Roja y la Media Luna Roja, es el motor que impulsa a la organizaci\u00f3n. Es gracias a la labor de los voluntarios que [&hellip;]<\/p>\n","protected":false},"author":1,"featured_media":0,"parent":0,"menu_order":0,"comment_status":"closed","ping_status":"closed","template":"analisis-y-reportes.php","meta":{"_acf_changed":false,"_bbp_topic_count":0,"_bbp_reply_count":0,"_bbp_total_topic_count":0,"_bbp_total_reply_count":0,"_bbp_voice_count":0,"_bbp_anonymous_reply_count":0,"_bbp_topic_count_hidden":0,"_bbp_reply_count_hidden":0,"_bbp_forum_subforum_count":0,"two_page_speed":{"current_score":{"desktop_score":51,"desktop_tti":"3.7\u00a0","mobile_score":50,"mobile_tti":"14.2\u00a0","date":"15.05.2026 02:25:49 pm","status":"completed"}},"footnotes":""},"class_list":["post-30","page","type-page","status-publish","hentry"],"acf":[],"_links":{"self":[{"href":"https:\/\/volunteeringredcross.org\/es\/wp-json\/wp\/v2\/pages\/30","targetHints":{"allow":["GET"]}}],"collection":[{"href":"https:\/\/volunteeringredcross.org\/es\/wp-json\/wp\/v2\/pages"}],"about":[{"href":"https:\/\/volunteeringredcross.org\/es\/wp-json\/wp\/v2\/types\/page"}],"author":[{"embeddable":true,"href":"https:\/\/volunteeringredcross.org\/es\/wp-json\/wp\/v2\/users\/1"}],"replies":[{"embeddable":true,"href":"https:\/\/volunteeringredcross.org\/es\/wp-json\/wp\/v2\/comments?post=30"}],"version-history":[{"count":497,"href":"https:\/\/volunteeringredcross.org\/es\/wp-json\/wp\/v2\/pages\/30\/revisions"}],"predecessor-version":[{"id":27014,"href":"https:\/\/volunteeringredcross.org\/es\/wp-json\/wp\/v2\/pages\/30\/revisions\/27014"}],"wp:attachment":[{"href":"https:\/\/volunteeringredcross.org\/es\/wp-json\/wp\/v2\/media?parent=30"}],"curies":[{"name":"wp","href":"https:\/\/api.w.org\/{rel}","templated":true}]}}