{"id":28,"date":"2018-03-14T20:27:09","date_gmt":"2018-03-14T20:27:09","guid":{"rendered":"http:\/\/queleparece.com\/IFRC\/?page_id=28"},"modified":"2026-04-20T08:48:34","modified_gmt":"2026-04-20T08:48:34","slug":"financia-un-proyecto","status":"publish","type":"page","link":"https:\/\/volunteeringredcross.org\/es\/financia-un-proyecto\/","title":{"rendered":"Financie un proyecto"},"content":{"rendered":"<p><\/p>\n<p style=\"text-align: center;\">En esta secci\u00f3n encontrar\u00e1 informaci\u00f3n sobre proyectos e iniciativas de voluntariado disponibles en su pa\u00eds y que requieren de financiamiento. Usted, su empresa u organizaci\u00f3n podr\u00e1n conocer sobre el proyecto o iniciativa y como poder contactarse con la persona a cargo.<\/p>\n<p><\/p>","protected":false},"excerpt":{"rendered":"<p>En esta secci\u00f3n encontrar\u00e1 informaci\u00f3n sobre proyectos e iniciativas de voluntariado disponibles en su pa\u00eds y que requieren de financiamiento. Usted, su empresa u organizaci\u00f3n podr\u00e1n conocer sobre el proyecto o iniciativa y como poder contactarse con la persona a cargo.<\/p>\n","protected":false},"author":1,"featured_media":0,"parent":0,"menu_order":0,"comment_status":"closed","ping_status":"closed","template":"financia-un-proyecto.php","meta":{"_acf_changed":false,"_bbp_topic_count":0,"_bbp_reply_count":0,"_bbp_total_topic_count":0,"_bbp_total_reply_count":0,"_bbp_voice_count":0,"_bbp_anonymous_reply_count":0,"_bbp_topic_count_hidden":0,"_bbp_reply_count_hidden":0,"_bbp_forum_subforum_count":0,"two_page_speed":{"current_score":{"desktop_score":56.00000000000001,"desktop_tti":"4.0\u00a0","mobile_score":48,"mobile_tti":"15.7\u00a0","date":"20.04.2026 01:13:37 am","status":"error_no_score"}},"footnotes":""},"class_list":["post-28","page","type-page","status-publish","hentry"],"acf":[],"_links":{"self":[{"href":"https:\/\/volunteeringredcross.org\/es\/wp-json\/wp\/v2\/pages\/28","targetHints":{"allow":["GET"]}}],"collection":[{"href":"https:\/\/volunteeringredcross.org\/es\/wp-json\/wp\/v2\/pages"}],"about":[{"href":"https:\/\/volunteeringredcross.org\/es\/wp-json\/wp\/v2\/types\/page"}],"author":[{"embeddable":true,"href":"https:\/\/volunteeringredcross.org\/es\/wp-json\/wp\/v2\/users\/1"}],"replies":[{"embeddable":true,"href":"https:\/\/volunteeringredcross.org\/es\/wp-json\/wp\/v2\/comments?post=28"}],"version-history":[{"count":406,"href":"https:\/\/volunteeringredcross.org\/es\/wp-json\/wp\/v2\/pages\/28\/revisions"}],"predecessor-version":[{"id":24368,"href":"https:\/\/volunteeringredcross.org\/es\/wp-json\/wp\/v2\/pages\/28\/revisions\/24368"}],"wp:attachment":[{"href":"https:\/\/volunteeringredcross.org\/es\/wp-json\/wp\/v2\/media?parent=28"}],"curies":[{"name":"wp","href":"https:\/\/api.w.org\/{rel}","templated":true}]}}