{"id":26,"date":"2018-03-14T20:26:47","date_gmt":"2018-03-14T20:26:47","guid":{"rendered":"http:\/\/queleparece.com\/IFRC\/?page_id=26"},"modified":"2026-04-19T05:25:16","modified_gmt":"2026-04-19T05:25:16","slug":"oportunidades-de-voluntariado","status":"publish","type":"page","link":"https:\/\/volunteeringredcross.org\/es\/oportunidades-de-voluntariado\/","title":{"rendered":"Oportunidades de Voluntariado"},"content":{"rendered":"<p><\/p>\n<h2 style=\"text-align: center;\">Busque oportunidades de voluntariado en su comunidad o en proyectos nacionales<\/h2>\n<p style=\"text-align: center;\">Nuestra herramienta de b\u00fasqueda por pa\u00eds ayudar\u00e1 a encontrar oportunidades de voluntariado en su \u00e1rea o pa\u00eds.<br \/>\nPuede buscar por \u00e1reas de inter\u00e9s para encontrar t\u00edtulos de trabajo espec\u00edficos.<\/p>\n<p><\/p>","protected":false},"excerpt":{"rendered":"<p>Busque oportunidades de voluntariado en su comunidad o en proyectos nacionales Nuestra herramienta de b\u00fasqueda por pa\u00eds ayudar\u00e1 a encontrar oportunidades de voluntariado en su \u00e1rea o pa\u00eds. Puede buscar por \u00e1reas de inter\u00e9s para encontrar t\u00edtulos de trabajo espec\u00edficos.<\/p>\n","protected":false},"author":1,"featured_media":0,"parent":0,"menu_order":0,"comment_status":"closed","ping_status":"closed","template":"oportunidades-de-voluntariado.php","meta":{"_acf_changed":false,"_bbp_topic_count":0,"_bbp_reply_count":0,"_bbp_total_topic_count":0,"_bbp_total_reply_count":0,"_bbp_voice_count":0,"_bbp_anonymous_reply_count":0,"_bbp_topic_count_hidden":0,"_bbp_reply_count_hidden":0,"_bbp_forum_subforum_count":0,"two_page_speed":{"current_score":{"desktop_score":59,"desktop_tti":"4.8\u00a0","mobile_score":51,"mobile_tti":"24.2\u00a0","date":"19.04.2026 05:26:15 am","status":"completed"}},"footnotes":""},"class_list":["post-26","page","type-page","status-publish","hentry"],"acf":[],"_links":{"self":[{"href":"https:\/\/volunteeringredcross.org\/es\/wp-json\/wp\/v2\/pages\/26","targetHints":{"allow":["GET"]}}],"collection":[{"href":"https:\/\/volunteeringredcross.org\/es\/wp-json\/wp\/v2\/pages"}],"about":[{"href":"https:\/\/volunteeringredcross.org\/es\/wp-json\/wp\/v2\/types\/page"}],"author":[{"embeddable":true,"href":"https:\/\/volunteeringredcross.org\/es\/wp-json\/wp\/v2\/users\/1"}],"replies":[{"embeddable":true,"href":"https:\/\/volunteeringredcross.org\/es\/wp-json\/wp\/v2\/comments?post=26"}],"version-history":[{"count":658,"href":"https:\/\/volunteeringredcross.org\/es\/wp-json\/wp\/v2\/pages\/26\/revisions"}],"predecessor-version":[{"id":24258,"href":"https:\/\/volunteeringredcross.org\/es\/wp-json\/wp\/v2\/pages\/26\/revisions\/24258"}],"wp:attachment":[{"href":"https:\/\/volunteeringredcross.org\/es\/wp-json\/wp\/v2\/media?parent=26"}],"curies":[{"name":"wp","href":"https:\/\/api.w.org\/{rel}","templated":true}]}}