{"id":20,"date":"2018-03-14T20:18:38","date_gmt":"2018-03-14T20:18:38","guid":{"rendered":"http:\/\/queleparece.com\/IFRC\/?page_id=20"},"modified":"2026-04-25T12:01:22","modified_gmt":"2026-04-25T12:01:22","slug":"recursos","status":"publish","type":"page","link":"https:\/\/volunteeringredcross.org\/es\/recursos\/","title":{"rendered":"Documentos y librer\u00eda"},"content":{"rendered":"<p><\/p>\n<h2 style=\"text-align: center;\">Sistema de Gesti\u00f3n de Conocimiento y Documentaci\u00f3n<\/h2>\n<p>&nbsp;<\/p>\n<ul>\n<li>Desarrollo de Voluntariado<\/li>\n<li>Pol\u00edticas y estrategias<\/li>\n<li>Perfiles de voluntarios institucionales y operativos<\/li>\n<li>Estructuras a nivel nacional y filial<\/li>\n<li>Aspectos legales sobre el voluntariado<\/li>\n<li>Ciclo de gesti\u00f3n del voluntariado\n<ul>\n<li>Imaginar<\/li>\n<li>Planificar<\/li>\n<li>Incorporar \/ Inducci\u00f3n<\/li>\n<li>Seleccionar<\/li>\n<li>Colocar<\/li>\n<li>Capacitar<\/li>\n<li>Motivar<\/li>\n<li>Apoyar<\/li>\n<li>Reconocer<\/li>\n<li>Evaluar<\/li>\n<li>Transici\u00f3n<\/li>\n<\/ul>\n<\/li>\n<li>Protecci\u00f3n de los voluntarios<\/li>\n<li>Retenci\u00f3n<\/li>\n<li>Voluntariado en emergencias<\/li>\n<li>Diversificaci\u00f3n del voluntariado<\/li>\n<li>Apoyo psicosocial<\/li>\n<li>Responsabilidades y derechos<\/li>\n<li>Promoci\u00f3n del voluntariado<\/li>\n<li>Voluntarios y personal remunerado<\/li>\n<li>Documentos de Sociedades Nacionales<\/li>\n<\/ul>\n<p><\/p>","protected":false},"excerpt":{"rendered":"<p>Sistema de Gesti\u00f3n de Conocimiento y Documentaci\u00f3n &nbsp; Desarrollo de Voluntariado Pol\u00edticas y estrategias Perfiles de voluntarios institucionales y operativos Estructuras a nivel nacional y filial Aspectos legales sobre el voluntariado Ciclo de gesti\u00f3n del voluntariado Imaginar Planificar Incorporar \/ Inducci\u00f3n Seleccionar Colocar Capacitar Motivar Apoyar Reconocer Evaluar Transici\u00f3n Protecci\u00f3n de los voluntarios Retenci\u00f3n Voluntariado [&hellip;]<\/p>\n","protected":false},"author":1,"featured_media":0,"parent":0,"menu_order":0,"comment_status":"closed","ping_status":"closed","template":"recursos.php","meta":{"_acf_changed":false,"_bbp_topic_count":0,"_bbp_reply_count":0,"_bbp_total_topic_count":0,"_bbp_total_reply_count":0,"_bbp_voice_count":0,"_bbp_anonymous_reply_count":0,"_bbp_topic_count_hidden":0,"_bbp_reply_count_hidden":0,"_bbp_forum_subforum_count":0,"two_page_speed":{"current_score":{"desktop_score":86,"desktop_tti":"4.2\u00a0","mobile_score":40,"mobile_tti":"29.8\u00a0","date":"25.04.2026 08:32:14 am","status":"error_no_score"}},"footnotes":""},"class_list":["post-20","page","type-page","status-publish","hentry"],"acf":[],"_links":{"self":[{"href":"https:\/\/volunteeringredcross.org\/es\/wp-json\/wp\/v2\/pages\/20","targetHints":{"allow":["GET"]}}],"collection":[{"href":"https:\/\/volunteeringredcross.org\/es\/wp-json\/wp\/v2\/pages"}],"about":[{"href":"https:\/\/volunteeringredcross.org\/es\/wp-json\/wp\/v2\/types\/page"}],"author":[{"embeddable":true,"href":"https:\/\/volunteeringredcross.org\/es\/wp-json\/wp\/v2\/users\/1"}],"replies":[{"embeddable":true,"href":"https:\/\/volunteeringredcross.org\/es\/wp-json\/wp\/v2\/comments?post=20"}],"version-history":[{"count":592,"href":"https:\/\/volunteeringredcross.org\/es\/wp-json\/wp\/v2\/pages\/20\/revisions"}],"predecessor-version":[{"id":25208,"href":"https:\/\/volunteeringredcross.org\/es\/wp-json\/wp\/v2\/pages\/20\/revisions\/25208"}],"wp:attachment":[{"href":"https:\/\/volunteeringredcross.org\/es\/wp-json\/wp\/v2\/media?parent=20"}],"curies":[{"name":"wp","href":"https:\/\/api.w.org\/{rel}","templated":true}]}}