{"id":6638,"date":"2020-07-07T12:06:43","date_gmt":"2020-07-07T18:06:43","guid":{"rendered":"https:\/\/pxdev3.com\/IFRC2022\/?page_id=6638"},"modified":"2026-05-02T17:59:51","modified_gmt":"2026-05-02T17:59:51","slug":"education","status":"publish","type":"page","link":"https:\/\/volunteeringredcross.org\/en\/education\/","title":{"rendered":"Education"},"content":{"rendered":"\t\t<div data-elementor-type=\"wp-page\" data-elementor-id=\"6638\" class=\"elementor elementor-6638\" data-elementor-post-type=\"page\">\n\t\t\t\t\t\t<section class=\"elementor-section elementor-top-section elementor-element elementor-element-74095b89 elementor-section-full_width elementor-section-height-min-height elementor-section-height-default elementor-section-items-middle\" data-id=\"74095b89\" data-element_type=\"section\" data-e-type=\"section\" data-settings=\"{&quot;background_background&quot;:&quot;classic&quot;}\">\n\t\t\t\t\t\t<div class=\"elementor-container elementor-column-gap-default\">\n\t\t\t\t\t<div class=\"elementor-column elementor-col-100 elementor-top-column elementor-element elementor-element-1a6fc0aa\" data-id=\"1a6fc0aa\" data-element_type=\"column\" data-e-type=\"column\">\n\t\t\t<div class=\"elementor-widget-wrap elementor-element-populated\">\n\t\t\t\t\t\t<div class=\"elementor-element elementor-element-63cd3878 elementor-widget elementor-widget-heading\" data-id=\"63cd3878\" data-element_type=\"widget\" data-e-type=\"widget\" data-widget_type=\"heading.default\">\n\t\t\t\t<div class=\"elementor-widget-container\">\n\t\t\t\t\t<h2 class=\"elementor-heading-title elementor-size-default\">Education<\/h2>\t\t\t\t<\/div>\n\t\t\t\t<\/div>\n\t\t\t\t\t<\/div>\n\t\t<\/div>\n\t\t\t\t\t<\/div>\n\t\t<\/section>\n\t\t\t\t<section class=\"elementor-section elementor-top-section elementor-element elementor-element-1d7277af elementor-section-boxed elementor-section-height-default elementor-section-height-default\" data-id=\"1d7277af\" data-element_type=\"section\" data-e-type=\"section\" data-settings=\"{&quot;background_background&quot;:&quot;classic&quot;}\">\n\t\t\t\t\t\t<div class=\"elementor-container elementor-column-gap-default\">\n\t\t\t\t\t<div class=\"elementor-column elementor-col-100 elementor-top-column elementor-element elementor-element-1cf5c933\" data-id=\"1cf5c933\" data-element_type=\"column\" data-e-type=\"column\">\n\t\t\t<div class=\"elementor-widget-wrap elementor-element-populated\">\n\t\t\t\t\t\t<div class=\"elementor-element elementor-element-77cdb9cd elementor-widget elementor-widget-heading\" data-id=\"77cdb9cd\" data-element_type=\"widget\" data-e-type=\"widget\" data-widget_type=\"heading.default\">\n\t\t\t\t<div class=\"elementor-widget-container\">\n\t\t\t\t\t<h2 class=\"elementor-heading-title elementor-size-default\">Education<\/h2>\t\t\t\t<\/div>\n\t\t\t\t<\/div>\n\t\t\t\t<div class=\"elementor-element elementor-element-1c4d219f elementor-widget elementor-widget-text-editor\" data-id=\"1c4d219f\" data-element_type=\"widget\" data-e-type=\"widget\" data-widget_type=\"text-editor.default\">\n\t\t\t\t<div class=\"elementor-widget-container\">\n\t\t\t\t\t\t\t\t\t<p>En esta secci\u00f3n, encontrar\u00e1 informaci\u00f3n clave en relaci\u00f3n con Educaci\u00f3n durante COVID-19 y otros recursos <\/p>\t\t\t\t\t\t\t\t<\/div>\n\t\t\t\t<\/div>\n\t\t\t\t<div class=\"elementor-element elementor-element-6c5e1dad elementor-widget elementor-widget-spacer\" data-id=\"6c5e1dad\" data-element_type=\"widget\" data-e-type=\"widget\" data-widget_type=\"spacer.default\">\n\t\t\t\t<div class=\"elementor-widget-container\">\n\t\t\t\t\t\t\t<div class=\"elementor-spacer\">\n\t\t\t<div class=\"elementor-spacer-inner\"><\/div>\n\t\t<\/div>\n\t\t\t\t\t\t<\/div>\n\t\t\t\t<\/div>\n\t\t\t\t\t<\/div>\n\t\t<\/div>\n\t\t\t\t\t<\/div>\n\t\t<\/section>\n\t\t\t\t<section class=\"elementor-section elementor-top-section elementor-element elementor-element-56f2ee37 elementor-section-boxed elementor-section-height-default elementor-section-height-default\" data-id=\"56f2ee37\" data-element_type=\"section\" data-e-type=\"section\">\n\t\t\t\t\t\t<div class=\"elementor-container elementor-column-gap-default\">\n\t\t\t\t\t<div class=\"elementor-column elementor-col-100 elementor-top-column elementor-element elementor-element-323fbf14\" data-id=\"323fbf14\" data-element_type=\"column\" data-e-type=\"column\">\n\t\t\t<div class=\"elementor-widget-wrap elementor-element-populated\">\n\t\t\t\t\t\t<div class=\"elementor-element elementor-element-322acfb3 elementor-widget elementor-widget-spacer\" data-id=\"322acfb3\" data-element_type=\"widget\" data-e-type=\"widget\" data-widget_type=\"spacer.default\">\n\t\t\t\t<div class=\"elementor-widget-container\">\n\t\t\t\t\t\t\t<div class=\"elementor-spacer\">\n\t\t\t<div class=\"elementor-spacer-inner\"><\/div>\n\t\t<\/div>\n\t\t\t\t\t\t<\/div>\n\t\t\t\t<\/div>\n\t\t\t\t<div class=\"elementor-element elementor-element-1507a576 elementor-widget elementor-widget-accordion\" data-id=\"1507a576\" data-element_type=\"widget\" data-e-type=\"widget\" data-widget_type=\"accordion.default\">\n\t\t\t\t<div class=\"elementor-widget-container\">\n\t\t\t\t\t\t\t<div class=\"elementor-accordion\">\n\t\t\t\t\t\t\t<div class=\"elementor-accordion-item\">\n\t\t\t\t\t<div id=\"elementor-tab-title-3521\" class=\"elementor-tab-title\" data-tab=\"1\" role=\"button\" aria-controls=\"elementor-tab-content-3521\" aria-expanded=\"false\">\n\t\t\t\t\t\t\t\t\t\t\t\t\t<span class=\"elementor-accordion-icon elementor-accordion-icon-left\" aria-hidden=\"true\">\n\t\t\t\t\t\t\t\t\t\t\t\t\t\t\t<span class=\"elementor-accordion-icon-closed\"><svg xmlns:xlink=\"http:\/\/www.w3.org\/1999\/xlink\" xmlns=\"http:\/\/www.w3.org\/2000\/svg\" id=\"Capa_1\" data-name=\"Capa 1\" viewBox=\"0 0 51.78 71.71\" class=\"svg_custom replaced-svg\" width=\"51.78\" height=\"71.71\"><defs><style>.cls-1{fill:#ffffff;}.cls-2{fill:#ffffff;}<\/style><\/defs><title>TAP \u00cdCONO AZUL<\/title><path class=\"cls-1\" d=\"M49.34,11.37a38,38,0,0,0-46.91,0l-2-2.56A40.81,40.81,0,0,1,25.89,0,40.85,40.85,0,0,1,51.36,8.81Z\" fill=\"#FFFFFF\"><\/path><path class=\"cls-2\" d=\"M8.61,71.71H0L0,16H31.21A3.26,3.26,0,0,1,33,22l-.29.15-6,2.46h25V56.68H27.15a3.72,3.72,0,0,1-3.72-3.56V50.55H8.61ZM3.3,68.45H5.35V50.55h-2Zm23.38-40.6v25.2a.46.46,0,0,0,.46.37H48.51V27.85ZM3.26,47.28H23.43V38.9H18.2v6.85H9.07V38.9H3.26Zm9.08-4.8h2.6V35.64h6.84V33H14.94V26.19h-2.6V33H5.49v2.6h6.85ZM3.26,19.27V29.78H9.07V22.93H18.2v6.84h5.22V24.88h0a3.23,3.23,0,0,1,1.44-3l.29-.15,6-2.46Zm38.07,33a11.49,11.49,0,1,1,0-23,12,12,0,0,1,3.31.47l.7.23,1.09.39v2.29l-1.08.41a8.2,8.2,0,0,0,0,15.5l1.09.39v2.32l-1.12.43A12.56,12.56,0,0,1,41.33,52.24ZM40,32.62a8.19,8.19,0,0,0-.14,16.23,11.56,11.56,0,0,1-3.35-8.11A11.34,11.34,0,0,1,40,32.62Z\" fill=\"#FFFFFF\"><\/path><\/svg><\/span>\n\t\t\t\t\t\t\t\t<span class=\"elementor-accordion-icon-opened\"><svg xmlns:xlink=\"http:\/\/www.w3.org\/1999\/xlink\" xmlns=\"http:\/\/www.w3.org\/2000\/svg\" id=\"Capa_1\" data-name=\"Capa 1\" viewBox=\"0 0 51.78 71.71\" class=\"svg_custom replaced-svg\" width=\"51.78\" height=\"71.71\"><defs><style>.cls-1{fill:#ffffff;}.cls-2{fill:#ffffff;}<\/style><\/defs><title>TAP \u00cdCONO AZUL<\/title><path class=\"cls-1\" d=\"M49.34,11.37a38,38,0,0,0-46.91,0l-2-2.56A40.81,40.81,0,0,1,25.89,0,40.85,40.85,0,0,1,51.36,8.81Z\" fill=\"#FFFFFF\"><\/path><path class=\"cls-2\" d=\"M8.61,71.71H0L0,16H31.21A3.26,3.26,0,0,1,33,22l-.29.15-6,2.46h25V56.68H27.15a3.72,3.72,0,0,1-3.72-3.56V50.55H8.61ZM3.3,68.45H5.35V50.55h-2Zm23.38-40.6v25.2a.46.46,0,0,0,.46.37H48.51V27.85ZM3.26,47.28H23.43V38.9H18.2v6.85H9.07V38.9H3.26Zm9.08-4.8h2.6V35.64h6.84V33H14.94V26.19h-2.6V33H5.49v2.6h6.85ZM3.26,19.27V29.78H9.07V22.93H18.2v6.84h5.22V24.88h0a3.23,3.23,0,0,1,1.44-3l.29-.15,6-2.46Zm38.07,33a11.49,11.49,0,1,1,0-23,12,12,0,0,1,3.31.47l.7.23,1.09.39v2.29l-1.08.41a8.2,8.2,0,0,0,0,15.5l1.09.39v2.32l-1.12.43A12.56,12.56,0,0,1,41.33,52.24ZM40,32.62a8.19,8.19,0,0,0-.14,16.23,11.56,11.56,0,0,1-3.35-8.11A11.34,11.34,0,0,1,40,32.62Z\" fill=\"#FFFFFF\"><\/path><\/svg><\/span>\n\t\t\t\t\t\t\t\t\t\t\t\t\t\t<\/span>\n\t\t\t\t\t\t\t\t\t\t\t\t<a class=\"elementor-accordion-title\" tabindex=\"0\">Internal Resources<\/a>\n\t\t\t\t\t<\/div>\n\t\t\t\t\t<div id=\"elementor-tab-content-3521\" class=\"elementor-tab-content elementor-clearfix\" data-tab=\"1\" role=\"region\" aria-labelledby=\"elementor-tab-title-3521\"><ul>\n \t<li><strong><a href=\"https:\/\/volunteeringredcross.org\/wp-content\/uploads\/2020\/07\/IFRC-Technical-guidance-note-to-support-RCRC-education-response-to-Covid-19.pdf\">IFRC Technical guidance note to support RCRC education response to Covid-19<\/a><\/strong><\/li>\n \t<li><strong><a href=\"https:\/\/volunteeringredcross.org\/wp-content\/uploads\/2020\/07\/Covid-19-RCRC-Education-Response-Webinar-Series-Takeaways.pdf\">Covid-19 RCRC Education Response Webinar Series Takeaways<\/a><\/strong><\/li>\n \t<li><strong><a href=\"https:\/\/volunteeringredcross.org\/wp-content\/uploads\/2020\/07\/Covid-19-RCRC-Education-Response-Webinar-Series-FAQ.pdf\">Covid-19 RCRC Education Response Webinar Series FAQ<\/a><\/strong><\/li>\n<\/ul>\n<strong>Educational materials from National Societies<\/strong>\n<ul>\n \t<li><strong><a href=\"https:\/\/volunteeringredcross.org\/wp-content\/uploads\/2020\/07\/British-Red-Cross.zip\">British Red Cross<\/a><\/strong><\/li>\n \t<li><strong><a href=\"https:\/\/volunteeringredcross.org\/wp-content\/uploads\/2020\/07\/The-Netherlands-Red-Cross.zip\">The Netherlands Red Cross<\/a><\/strong><\/li>\n \t<li><strong><a href=\"https:\/\/volunteeringredcross.org\/wp-content\/uploads\/2020\/07\/Turkish-Red-Cross.zip\">Turkish Red Cross<\/a><\/strong><\/li>\n<\/ul><\/div>\n\t\t\t\t<\/div>\n\t\t\t\t\t\t\t<div class=\"elementor-accordion-item\">\n\t\t\t\t\t<div id=\"elementor-tab-title-3522\" class=\"elementor-tab-title\" data-tab=\"2\" role=\"button\" aria-controls=\"elementor-tab-content-3522\" aria-expanded=\"false\">\n\t\t\t\t\t\t\t\t\t\t\t\t\t<span class=\"elementor-accordion-icon elementor-accordion-icon-left\" aria-hidden=\"true\">\n\t\t\t\t\t\t\t\t\t\t\t\t\t\t\t<span class=\"elementor-accordion-icon-closed\"><svg xmlns:xlink=\"http:\/\/www.w3.org\/1999\/xlink\" xmlns=\"http:\/\/www.w3.org\/2000\/svg\" id=\"Capa_1\" data-name=\"Capa 1\" viewBox=\"0 0 51.78 71.71\" class=\"svg_custom replaced-svg\" width=\"51.78\" height=\"71.71\"><defs><style>.cls-1{fill:#ffffff;}.cls-2{fill:#ffffff;}<\/style><\/defs><title>TAP \u00cdCONO AZUL<\/title><path class=\"cls-1\" d=\"M49.34,11.37a38,38,0,0,0-46.91,0l-2-2.56A40.81,40.81,0,0,1,25.89,0,40.85,40.85,0,0,1,51.36,8.81Z\" fill=\"#FFFFFF\"><\/path><path class=\"cls-2\" d=\"M8.61,71.71H0L0,16H31.21A3.26,3.26,0,0,1,33,22l-.29.15-6,2.46h25V56.68H27.15a3.72,3.72,0,0,1-3.72-3.56V50.55H8.61ZM3.3,68.45H5.35V50.55h-2Zm23.38-40.6v25.2a.46.46,0,0,0,.46.37H48.51V27.85ZM3.26,47.28H23.43V38.9H18.2v6.85H9.07V38.9H3.26Zm9.08-4.8h2.6V35.64h6.84V33H14.94V26.19h-2.6V33H5.49v2.6h6.85ZM3.26,19.27V29.78H9.07V22.93H18.2v6.84h5.22V24.88h0a3.23,3.23,0,0,1,1.44-3l.29-.15,6-2.46Zm38.07,33a11.49,11.49,0,1,1,0-23,12,12,0,0,1,3.31.47l.7.23,1.09.39v2.29l-1.08.41a8.2,8.2,0,0,0,0,15.5l1.09.39v2.32l-1.12.43A12.56,12.56,0,0,1,41.33,52.24ZM40,32.62a8.19,8.19,0,0,0-.14,16.23,11.56,11.56,0,0,1-3.35-8.11A11.34,11.34,0,0,1,40,32.62Z\" fill=\"#FFFFFF\"><\/path><\/svg><\/span>\n\t\t\t\t\t\t\t\t<span class=\"elementor-accordion-icon-opened\"><svg xmlns:xlink=\"http:\/\/www.w3.org\/1999\/xlink\" xmlns=\"http:\/\/www.w3.org\/2000\/svg\" id=\"Capa_1\" data-name=\"Capa 1\" viewBox=\"0 0 51.78 71.71\" class=\"svg_custom replaced-svg\" width=\"51.78\" height=\"71.71\"><defs><style>.cls-1{fill:#ffffff;}.cls-2{fill:#ffffff;}<\/style><\/defs><title>TAP \u00cdCONO AZUL<\/title><path class=\"cls-1\" d=\"M49.34,11.37a38,38,0,0,0-46.91,0l-2-2.56A40.81,40.81,0,0,1,25.89,0,40.85,40.85,0,0,1,51.36,8.81Z\" fill=\"#FFFFFF\"><\/path><path class=\"cls-2\" d=\"M8.61,71.71H0L0,16H31.21A3.26,3.26,0,0,1,33,22l-.29.15-6,2.46h25V56.68H27.15a3.72,3.72,0,0,1-3.72-3.56V50.55H8.61ZM3.3,68.45H5.35V50.55h-2Zm23.38-40.6v25.2a.46.46,0,0,0,.46.37H48.51V27.85ZM3.26,47.28H23.43V38.9H18.2v6.85H9.07V38.9H3.26Zm9.08-4.8h2.6V35.64h6.84V33H14.94V26.19h-2.6V33H5.49v2.6h6.85ZM3.26,19.27V29.78H9.07V22.93H18.2v6.84h5.22V24.88h0a3.23,3.23,0,0,1,1.44-3l.29-.15,6-2.46Zm38.07,33a11.49,11.49,0,1,1,0-23,12,12,0,0,1,3.31.47l.7.23,1.09.39v2.29l-1.08.41a8.2,8.2,0,0,0,0,15.5l1.09.39v2.32l-1.12.43A12.56,12.56,0,0,1,41.33,52.24ZM40,32.62a8.19,8.19,0,0,0-.14,16.23,11.56,11.56,0,0,1-3.35-8.11A11.34,11.34,0,0,1,40,32.62Z\" fill=\"#FFFFFF\"><\/path><\/svg><\/span>\n\t\t\t\t\t\t\t\t\t\t\t\t\t\t<\/span>\n\t\t\t\t\t\t\t\t\t\t\t\t<a class=\"elementor-accordion-title\" tabindex=\"0\">External Resources<\/a>\n\t\t\t\t\t<\/div>\n\t\t\t\t\t<div id=\"elementor-tab-content-3522\" class=\"elementor-tab-content elementor-clearfix\" data-tab=\"2\" role=\"region\" aria-labelledby=\"elementor-tab-title-3522\"><ul>\n \t<li><strong><a href=\"https:\/\/volunteeringredcross.org\/wp-content\/uploads\/2020\/07\/GEC-ACPHA-Safe-back-to-school-Practicioners-guide.pdf\">GEC ACPHA Safe back to school Practicioners&#8217; guide<\/a><\/strong><\/li>\n \t<li><strong><a href=\"https:\/\/volunteeringredcross.org\/wp-content\/uploads\/2020\/07\/IASC-Interim-Guidance-for-Covid-19-prevention-and-control-in-schools.pdf\">IASC Interim Guidance for Covid-19 prevention and control in schools<\/a><\/strong><\/li>\n \t<li><strong><a href=\"https:\/\/volunteeringredcross.org\/wp-content\/uploads\/2020\/07\/INEE-Technical-Note-on-COVID-19-EN-April-2020.pdf\">INEE Technical Note on COVID-19 EN April 2020<\/a><\/strong><\/li>\n \t<li><strong><a href=\"https:\/\/volunteeringredcross.org\/wp-content\/uploads\/2020\/07\/UNESCO-UNICEF-WB-WFP-Framework-for-reopening-schools.pdf\">UNESCO, UNICEF, WB, WFP Framework for reopening schools<\/a><\/strong><\/li>\n \t<li><strong><a href=\"https:\/\/volunteeringredcross.org\/wp-content\/uploads\/2020\/07\/WHO-Considerations-for-school-related-public-health-measures-in-the-context-of-COVID-19.pdf\">WHO Considerations for school-related public health measures in the context of COVID-19<\/a><\/strong><\/li>\n<\/ul><\/div>\n\t\t\t\t<\/div>\n\t\t\t\t\t\t\t\t<\/div>\n\t\t\t\t\t\t<\/div>\n\t\t\t\t<\/div>\n\t\t\t\t<div class=\"elementor-element elementor-element-856660e elementor-widget elementor-widget-spacer\" data-id=\"856660e\" data-element_type=\"widget\" data-e-type=\"widget\" data-widget_type=\"spacer.default\">\n\t\t\t\t<div class=\"elementor-widget-container\">\n\t\t\t\t\t\t\t<div class=\"elementor-spacer\">\n\t\t\t<div class=\"elementor-spacer-inner\"><\/div>\n\t\t<\/div>\n\t\t\t\t\t\t<\/div>\n\t\t\t\t<\/div>\n\t\t\t\t\t<\/div>\n\t\t<\/div>\n\t\t\t\t\t<\/div>\n\t\t<\/section>\n\t\t\t\t<\/div>\n\t\t","protected":false},"excerpt":{"rendered":"<p>Education Education In this section, you will find key information in relation to\u00a0Education during COVID-19 and other resources. TAP \u00cdCONO AZUL TAP \u00cdCONO AZUL Internal Resources IFRC Technical guidance note to support RCRC education response to Covid-19 Covid-19 RCRC Education Response Webinar Series Takeaways Covid-19 RCRC Education Response Webinar Series FAQ Educational materials from National [&hellip;]<\/p>\n","protected":false},"author":1,"featured_media":0,"parent":0,"menu_order":0,"comment_status":"closed","ping_status":"closed","template":"","meta":{"_acf_changed":false,"_bbp_topic_count":0,"_bbp_reply_count":0,"_bbp_total_topic_count":0,"_bbp_total_reply_count":0,"_bbp_voice_count":0,"_bbp_anonymous_reply_count":0,"_bbp_topic_count_hidden":0,"_bbp_reply_count_hidden":0,"_bbp_forum_subforum_count":0,"two_page_speed":{"current_score":{"desktop_score":74,"desktop_tti":"3.0\u00a0","mobile_score":79,"mobile_tti":"13.1\u00a0","date":"30.04.2026 03:50:36 pm","status":"error_no_score"}},"footnotes":""},"class_list":["post-6638","page","type-page","status-publish","hentry"],"acf":[],"_links":{"self":[{"href":"https:\/\/volunteeringredcross.org\/en\/wp-json\/wp\/v2\/pages\/6638","targetHints":{"allow":["GET"]}}],"collection":[{"href":"https:\/\/volunteeringredcross.org\/en\/wp-json\/wp\/v2\/pages"}],"about":[{"href":"https:\/\/volunteeringredcross.org\/en\/wp-json\/wp\/v2\/types\/page"}],"author":[{"embeddable":true,"href":"https:\/\/volunteeringredcross.org\/en\/wp-json\/wp\/v2\/users\/1"}],"replies":[{"embeddable":true,"href":"https:\/\/volunteeringredcross.org\/en\/wp-json\/wp\/v2\/comments?post=6638"}],"version-history":[{"count":147,"href":"https:\/\/volunteeringredcross.org\/en\/wp-json\/wp\/v2\/pages\/6638\/revisions"}],"predecessor-version":[{"id":25869,"href":"https:\/\/volunteeringredcross.org\/en\/wp-json\/wp\/v2\/pages\/6638\/revisions\/25869"}],"wp:attachment":[{"href":"https:\/\/volunteeringredcross.org\/en\/wp-json\/wp\/v2\/media?parent=6638"}],"curies":[{"name":"wp","href":"https:\/\/api.w.org\/{rel}","templated":true}]}}