{"id":5920,"date":"2020-05-08T16:46:34","date_gmt":"2020-05-08T22:46:34","guid":{"rendered":"https:\/\/pxdev3.com\/IFRC2022\/?page_id=5920"},"modified":"2026-04-27T07:42:34","modified_gmt":"2026-04-27T07:42:34","slug":"health-care-in-danger","status":"publish","type":"page","link":"https:\/\/volunteeringredcross.org\/en\/health-care-in-danger\/","title":{"rendered":"Health Care in Danger"},"content":{"rendered":"\t\t<div data-elementor-type=\"wp-page\" data-elementor-id=\"5920\" class=\"elementor elementor-5920\" data-elementor-post-type=\"page\">\n\t\t\t\t\t\t<section class=\"elementor-section elementor-top-section elementor-element elementor-element-89e9d36 elementor-section-full_width elementor-section-height-min-height elementor-section-height-default elementor-section-items-middle\" data-id=\"89e9d36\" data-element_type=\"section\" data-e-type=\"section\" data-settings=\"{&quot;background_background&quot;:&quot;classic&quot;}\">\n\t\t\t\t\t\t<div class=\"elementor-container elementor-column-gap-default\">\n\t\t\t\t\t<div class=\"elementor-column elementor-col-100 elementor-top-column elementor-element elementor-element-5ea4647\" data-id=\"5ea4647\" data-element_type=\"column\" data-e-type=\"column\">\n\t\t\t<div class=\"elementor-widget-wrap elementor-element-populated\">\n\t\t\t\t\t\t<div class=\"elementor-element elementor-element-2b1209e elementor-widget elementor-widget-heading\" data-id=\"2b1209e\" data-element_type=\"widget\" data-e-type=\"widget\" data-widget_type=\"heading.default\">\n\t\t\t\t<div class=\"elementor-widget-container\">\n\t\t\t\t\t<h2 class=\"elementor-heading-title elementor-size-default\">Health Care in Danger<\/h2>\t\t\t\t<\/div>\n\t\t\t\t<\/div>\n\t\t\t\t\t<\/div>\n\t\t<\/div>\n\t\t\t\t\t<\/div>\n\t\t<\/section>\n\t\t\t\t<section class=\"elementor-section elementor-top-section elementor-element elementor-element-5236c7b elementor-section-boxed elementor-section-height-default elementor-section-height-default\" data-id=\"5236c7b\" data-element_type=\"section\" data-e-type=\"section\">\n\t\t\t\t\t\t<div class=\"elementor-container elementor-column-gap-default\">\n\t\t\t\t\t<div class=\"elementor-column elementor-col-100 elementor-top-column elementor-element elementor-element-0f2ac56\" data-id=\"0f2ac56\" data-element_type=\"column\" data-e-type=\"column\">\n\t\t\t<div class=\"elementor-widget-wrap elementor-element-populated\">\n\t\t\t\t\t\t<div class=\"elementor-element elementor-element-0610c59 elementor-widget elementor-widget-spacer\" data-id=\"0610c59\" data-element_type=\"widget\" data-e-type=\"widget\" data-widget_type=\"spacer.default\">\n\t\t\t\t<div class=\"elementor-widget-container\">\n\t\t\t\t\t\t\t<div class=\"elementor-spacer\">\n\t\t\t<div class=\"elementor-spacer-inner\"><\/div>\n\t\t<\/div>\n\t\t\t\t\t\t<\/div>\n\t\t\t\t<\/div>\n\t\t\t\t<div class=\"elementor-element elementor-element-7af8c83 elementor-widget elementor-widget-heading\" data-id=\"7af8c83\" data-element_type=\"widget\" data-e-type=\"widget\" data-widget_type=\"heading.default\">\n\t\t\t\t<div class=\"elementor-widget-container\">\n\t\t\t\t\t<h2 class=\"elementor-heading-title elementor-size-default\">HEALTH CARE IN DANGER<\/h2>\t\t\t\t<\/div>\n\t\t\t\t<\/div>\n\t\t\t\t<div class=\"elementor-element elementor-element-b28fb59 elementor-widget elementor-widget-text-editor\" data-id=\"b28fb59\" data-element_type=\"widget\" data-e-type=\"widget\" data-widget_type=\"text-editor.default\">\n\t\t\t\t<div class=\"elementor-widget-container\">\n\t\t\t\t\t\t\t\t\t\n\nWith the current pandemics, and in just a few months, there is evidence of increasing specific patterns of violence against healthcare linked to the <strong>COVID-19<\/strong> response: harassment, stigmatization and ostracization against healthcare professionals and patients, as well as direct attacks against quarantine and treatment centers due to community resistance. <a href=\"https:\/\/healthcareindanger.org\/\" target=\"_blank\" rel=\"noopener\">Health Care in Danger<\/a>\u00a0(HCID) is a multidisciplinary initiative of the <strong>International Red Cross and Red Crescent Movement<\/strong> aimed at addressing the issue of violence against patients, health workers, facilities and vehicles, and ensuring safe access to and delivery of health care in armed conflict and other emergencies.\n\nHCID supports the implementation of concrete, practical measures and operational responses at national and local levels to prevent violence and safeguard health care in armed conflict and other emergencies.\n\nIn this section you will find resources\u00a0to existing validated<strong> ICRC<\/strong> documents that aim to reduce the \u00a0stigmatization of health workers.\n\n\n\n\t\t\t\t\t\t\t\t<\/div>\n\t\t\t\t<\/div>\n\t\t\t\t<div class=\"elementor-element elementor-element-cd9e76b elementor-widget elementor-widget-spacer\" data-id=\"cd9e76b\" data-element_type=\"widget\" data-e-type=\"widget\" data-widget_type=\"spacer.default\">\n\t\t\t\t<div class=\"elementor-widget-container\">\n\t\t\t\t\t\t\t<div class=\"elementor-spacer\">\n\t\t\t<div class=\"elementor-spacer-inner\"><\/div>\n\t\t<\/div>\n\t\t\t\t\t\t<\/div>\n\t\t\t\t<\/div>\n\t\t\t\t\t<\/div>\n\t\t<\/div>\n\t\t\t\t\t<\/div>\n\t\t<\/section>\n\t\t\t\t<section class=\"elementor-section elementor-top-section elementor-element elementor-element-c9c9abe elementor-section-boxed elementor-section-height-default elementor-section-height-default\" data-id=\"c9c9abe\" data-element_type=\"section\" data-e-type=\"section\">\n\t\t\t\t\t\t<div class=\"elementor-container elementor-column-gap-default\">\n\t\t\t\t\t<div class=\"elementor-column elementor-col-100 elementor-top-column elementor-element elementor-element-3ba5102\" data-id=\"3ba5102\" data-element_type=\"column\" data-e-type=\"column\">\n\t\t\t<div class=\"elementor-widget-wrap elementor-element-populated\">\n\t\t\t\t\t\t<div class=\"elementor-element elementor-element-414a9d3 elementor-position-inline-start elementor-view-default elementor-mobile-position-block-start elementor-widget elementor-widget-icon-box\" data-id=\"414a9d3\" data-element_type=\"widget\" data-e-type=\"widget\" data-widget_type=\"icon-box.default\">\n\t\t\t\t<div class=\"elementor-widget-container\">\n\t\t\t\t\t\t\t<div class=\"elementor-icon-box-wrapper\">\n\n\t\t\t\t\t\t<div class=\"elementor-icon-box-icon\">\n\t\t\t\t<span  class=\"elementor-icon\">\n\t\t\t\t<svg xmlns:xlink=\"http:\/\/www.w3.org\/1999\/xlink\" xmlns=\"http:\/\/www.w3.org\/2000\/svg\" id=\"Capa_1\" data-name=\"Capa 1\" viewBox=\"0 0 51.78 71.71\" class=\"svg_custom replaced-svg\" width=\"51.78\" height=\"71.71\"><defs><style>.cls-1{fill:#ffffff;}.cls-2{fill:#ffffff;}<\/style><\/defs><title>TAP \u00cdCONO AZUL<\/title><path class=\"cls-1\" d=\"M49.34,11.37a38,38,0,0,0-46.91,0l-2-2.56A40.81,40.81,0,0,1,25.89,0,40.85,40.85,0,0,1,51.36,8.81Z\" fill=\"#FFFFFF\"><\/path><path class=\"cls-2\" d=\"M8.61,71.71H0L0,16H31.21A3.26,3.26,0,0,1,33,22l-.29.15-6,2.46h25V56.68H27.15a3.72,3.72,0,0,1-3.72-3.56V50.55H8.61ZM3.3,68.45H5.35V50.55h-2Zm23.38-40.6v25.2a.46.46,0,0,0,.46.37H48.51V27.85ZM3.26,47.28H23.43V38.9H18.2v6.85H9.07V38.9H3.26Zm9.08-4.8h2.6V35.64h6.84V33H14.94V26.19h-2.6V33H5.49v2.6h6.85ZM3.26,19.27V29.78H9.07V22.93H18.2v6.84h5.22V24.88h0a3.23,3.23,0,0,1,1.44-3l.29-.15,6-2.46Zm38.07,33a11.49,11.49,0,1,1,0-23,12,12,0,0,1,3.31.47l.7.23,1.09.39v2.29l-1.08.41a8.2,8.2,0,0,0,0,15.5l1.09.39v2.32l-1.12.43A12.56,12.56,0,0,1,41.33,52.24ZM40,32.62a8.19,8.19,0,0,0-.14,16.23,11.56,11.56,0,0,1-3.35-8.11A11.34,11.34,0,0,1,40,32.62Z\" fill=\"#FFFFFF\"><\/path><\/svg>\t\t\t\t<\/span>\n\t\t\t<\/div>\n\t\t\t\n\t\t\t\t\t\t<div class=\"elementor-icon-box-content\">\n\n\t\t\t\t\t\t\t\t\t<h3 class=\"elementor-icon-box-title\">\n\t\t\t\t\t\t<span  >\n\t\t\t\t\t\t\tResources and Documents\t\t\t\t\t\t<\/span>\n\t\t\t\t\t<\/h3>\n\t\t\t\t\n\t\t\t\t\n\t\t\t<\/div>\n\t\t\t\n\t\t<\/div>\n\t\t\t\t\t\t<\/div>\n\t\t\t\t<\/div>\n\t\t\t\t<div class=\"elementor-element elementor-element-db0c2d9 elementor-widget elementor-widget-heading\" data-id=\"db0c2d9\" data-element_type=\"widget\" data-e-type=\"widget\" data-widget_type=\"heading.default\">\n\t\t\t\t<div class=\"elementor-widget-container\">\n\t\t\t\t\t<h2 class=\"elementor-heading-title elementor-size-default\">English<\/h2>\t\t\t\t<\/div>\n\t\t\t\t<\/div>\n\t\t\t\t<div class=\"elementor-element elementor-element-f756d34 elementor-widget elementor-widget-text-editor\" data-id=\"f756d34\" data-element_type=\"widget\" data-e-type=\"widget\" data-widget_type=\"text-editor.default\">\n\t\t\t\t<div class=\"elementor-widget-container\">\n\t\t\t\t\t\t\t\t\t<ul>\n \t<li><a href=\"https:\/\/healthcareindanger.org\/resource-centre\/declaration-by-the-health-care-in-danger-community-of-concern-about-the-current-situation-of-violence-against-health-care\/\" target=\"_blank\" rel=\"noopener\">Declaration by the Health Care in Danger Community of Concern About the Current Situation of Violence Against Health Care<\/a><\/li>\n \t<li><a href=\"https:\/\/blogs.bmj.com\/bmj\/2020\/05\/15\/new-patterns-of-violence-against-healthcare-in-the-covid-19-pandemic\/\" target=\"_blank\" rel=\"noopener\">New patterns of violence against healthcare in the covid-19 pandemic<\/a><\/li>\n \t<li><a href=\"https:\/\/volunteeringredcross.org\/wp-content\/uploads\/2020\/05\/002_HCiD_De-escalation_of_Violence_A3_Poster_WEB.pdf\" target=\"_blank\" rel=\"noopener\">Defusing Violent Behaviour in Health-Care Settings<\/a><\/li>\n \t<li><a href=\"https:\/\/volunteeringredcross.org\/wp-content\/uploads\/2020\/05\/Domestic-normative-frameworks-for-the-protection-heath-care.pdf\">Domestic normative frameworks for the protection of heath care<\/a><\/li>\n \t<li><a href=\"https:\/\/volunteeringredcross.org\/wp-content\/uploads\/2020\/05\/The-responsibilities-health-care-personnel.pdf\">The-responsibilities-health-care-personnel working in armed conflicts and other emergencies<\/a><\/li>\n \t<li><a href=\"https:\/\/volunteeringredcross.org\/wp-content\/uploads\/2020\/05\/Manual_for_hcpersonnel_prev_violence_stress_.pdf\">Training Manual on Interpersonal Violence Prevention and Stress Management in Health Care Facilities<\/a><\/li>\n \t<li><a href=\"https:\/\/volunteeringredcross.org\/wp-content\/uploads\/2020\/05\/Perception-toolkit-Master-Plan.pdf\">Perception toolkit Master Plan<\/a><\/li>\n \t<li><a href=\"https:\/\/volunteeringredcross.org\/wp-content\/uploads\/2020\/05\/Response-Checklist-for-Health-care-Services-Lr.pdf\">COVID-19 and Violence Against Health Care. Safer COVID-19 Response Checklist for Health-care Services<\/a><\/li>\n \t<li><a href=\"https:\/\/volunteeringredcross.org\/wp-content\/uploads\/2020\/05\/Stigma-and-violence-against-health-workers-external-COM-step-by-step-guide-final.pdf\">Stigma and violence against health workers &#8211; step by step guide<\/a><\/li>\n<\/ul>\t\t\t\t\t\t\t\t<\/div>\n\t\t\t\t<\/div>\n\t\t\t\t<div class=\"elementor-element elementor-element-959eb9a elementor-widget elementor-widget-heading\" data-id=\"959eb9a\" data-element_type=\"widget\" data-e-type=\"widget\" data-widget_type=\"heading.default\">\n\t\t\t\t<div class=\"elementor-widget-container\">\n\t\t\t\t\t<h2 class=\"elementor-heading-title elementor-size-default\">Spanish<\/h2>\t\t\t\t<\/div>\n\t\t\t\t<\/div>\n\t\t\t\t<div class=\"elementor-element elementor-element-d0024d7 elementor-widget elementor-widget-text-editor\" data-id=\"d0024d7\" data-element_type=\"widget\" data-e-type=\"widget\" data-widget_type=\"text-editor.default\">\n\t\t\t\t<div class=\"elementor-widget-container\">\n\t\t\t\t\t\t\t\t\t<ul>\n \t<li><a href=\"https:\/\/volunteeringredcross.org\/wp-content\/uploads\/2020\/05\/MarcosNormativos.pdf\">Marcos Normativos Nacionales para la Protecci\u00f3n de la Asistencia de Salud<\/a><\/li>\n \t<li><a href=\"https:\/\/volunteeringredcross.org\/wp-content\/uploads\/2020\/05\/Es.pdf\">Responsabilidades del Personal de Salud que Trabaja en Conflictos Armados y en otras Emergencias<\/a><\/li>\n<\/ul>\t\t\t\t\t\t\t\t<\/div>\n\t\t\t\t<\/div>\n\t\t\t\t<div class=\"elementor-element elementor-element-fe2a1cb elementor-widget elementor-widget-heading\" data-id=\"fe2a1cb\" data-element_type=\"widget\" data-e-type=\"widget\" data-widget_type=\"heading.default\">\n\t\t\t\t<div class=\"elementor-widget-container\">\n\t\t\t\t\t<h2 class=\"elementor-heading-title elementor-size-default\">French<\/h2>\t\t\t\t<\/div>\n\t\t\t\t<\/div>\n\t\t\t\t<div class=\"elementor-element elementor-element-3b055eb elementor-widget elementor-widget-text-editor\" data-id=\"3b055eb\" data-element_type=\"widget\" data-e-type=\"widget\" data-widget_type=\"text-editor.default\">\n\t\t\t\t<div class=\"elementor-widget-container\">\n\t\t\t\t\t\t\t\t\t<ul>\n \t<li><a href=\"https:\/\/volunteeringredcross.org\/wp-content\/uploads\/2020\/05\/CadreNormatifsNationauxpourlaProtectiondessoinsdeSante.pdf\">Cadre Normatifs Nationaux pour la Protection des soins de Sant\u00e9<\/a><\/li>\n \t<li><a href=\"https:\/\/volunteeringredcross.org\/wp-content\/uploads\/2020\/05\/Soins-sante-en-danger_WEB.pdf\">Les Responsabilit\u00e9s des Personnels de Sant\u00e9 a l oeuvre dans des Conflits Arm\u00e9s et d autres Situations d Urgence<\/a><\/li>\n<\/ul>\t\t\t\t\t\t\t\t<\/div>\n\t\t\t\t<\/div>\n\t\t\t\t<div class=\"elementor-element elementor-element-5aa9dac elementor-widget elementor-widget-spacer\" data-id=\"5aa9dac\" data-element_type=\"widget\" data-e-type=\"widget\" data-widget_type=\"spacer.default\">\n\t\t\t\t<div class=\"elementor-widget-container\">\n\t\t\t\t\t\t\t<div class=\"elementor-spacer\">\n\t\t\t<div class=\"elementor-spacer-inner\"><\/div>\n\t\t<\/div>\n\t\t\t\t\t\t<\/div>\n\t\t\t\t<\/div>\n\t\t\t\t\t<\/div>\n\t\t<\/div>\n\t\t\t\t\t<\/div>\n\t\t<\/section>\n\t\t\t\t<\/div>\n\t\t","protected":false},"excerpt":{"rendered":"<p>Health Care in Danger HEALTH CARE IN DANGER With the current pandemics, and in just a few months, there is evidence of increasing specific patterns of violence against healthcare linked to the COVID-19 response: harassment, stigmatization and ostracization against healthcare professionals and patients, as well as direct attacks against quarantine and treatment centers due to [&hellip;]<\/p>\n","protected":false},"author":1,"featured_media":0,"parent":0,"menu_order":0,"comment_status":"closed","ping_status":"closed","template":"plantilla_recursos-2023.php","meta":{"_acf_changed":false,"_bbp_topic_count":0,"_bbp_reply_count":0,"_bbp_total_topic_count":0,"_bbp_total_reply_count":0,"_bbp_voice_count":0,"_bbp_anonymous_reply_count":0,"_bbp_topic_count_hidden":0,"_bbp_reply_count_hidden":0,"_bbp_forum_subforum_count":0,"two_page_speed":{"current_score":{"desktop_score":65,"desktop_tti":"3.0\u00a0","mobile_score":61,"mobile_tti":"14.1\u00a0","date":"27.04.2026 07:43:55 am","status":"completed"}},"footnotes":""},"class_list":["post-5920","page","type-page","status-publish","hentry"],"acf":[],"_links":{"self":[{"href":"https:\/\/volunteeringredcross.org\/en\/wp-json\/wp\/v2\/pages\/5920","targetHints":{"allow":["GET"]}}],"collection":[{"href":"https:\/\/volunteeringredcross.org\/en\/wp-json\/wp\/v2\/pages"}],"about":[{"href":"https:\/\/volunteeringredcross.org\/en\/wp-json\/wp\/v2\/types\/page"}],"author":[{"embeddable":true,"href":"https:\/\/volunteeringredcross.org\/en\/wp-json\/wp\/v2\/users\/1"}],"replies":[{"embeddable":true,"href":"https:\/\/volunteeringredcross.org\/en\/wp-json\/wp\/v2\/comments?post=5920"}],"version-history":[{"count":218,"href":"https:\/\/volunteeringredcross.org\/en\/wp-json\/wp\/v2\/pages\/5920\/revisions"}],"predecessor-version":[{"id":25475,"href":"https:\/\/volunteeringredcross.org\/en\/wp-json\/wp\/v2\/pages\/5920\/revisions\/25475"}],"wp:attachment":[{"href":"https:\/\/volunteeringredcross.org\/en\/wp-json\/wp\/v2\/media?parent=5920"}],"curies":[{"name":"wp","href":"https:\/\/api.w.org\/{rel}","templated":true}]}}