{"id":5721,"date":"2020-05-05T17:54:20","date_gmt":"2020-05-05T23:54:20","guid":{"rendered":"https:\/\/pxdev3.com\/IFRC2022\/?page_id=5721"},"modified":"2026-04-27T01:49:52","modified_gmt":"2026-04-27T01:49:52","slug":"events-and-training-menu-sokoni","status":"publish","type":"page","link":"https:\/\/volunteeringredcross.org\/en\/events-and-training-menu-sokoni\/","title":{"rendered":"Events and Training"},"content":{"rendered":"\t\t<div data-elementor-type=\"wp-page\" data-elementor-id=\"5721\" class=\"elementor elementor-5721\" data-elementor-post-type=\"page\">\n\t\t\t\t\t\t<section class=\"elementor-section elementor-top-section elementor-element elementor-element-68cf99e elementor-section-boxed elementor-section-height-default elementor-section-height-default\" data-id=\"68cf99e\" data-element_type=\"section\" data-e-type=\"section\">\n\t\t\t\t\t\t<div class=\"elementor-container elementor-column-gap-default\">\n\t\t\t\t\t<div class=\"elementor-column elementor-col-100 elementor-top-column elementor-element elementor-element-b9280b9\" data-id=\"b9280b9\" data-element_type=\"column\" data-e-type=\"column\">\n\t\t\t<div class=\"elementor-widget-wrap\">\n\t\t\t\t\t\t\t<\/div>\n\t\t<\/div>\n\t\t\t\t\t<\/div>\n\t\t<\/section>\n\t\t\t\t<section class=\"elementor-section elementor-top-section elementor-element elementor-element-0394de9 elementor-section-full_width elementor-section-height-min-height elementor-section-height-default elementor-section-items-middle\" data-id=\"0394de9\" data-element_type=\"section\" data-e-type=\"section\" data-settings=\"{&quot;background_background&quot;:&quot;classic&quot;}\">\n\t\t\t\t\t\t<div class=\"elementor-container elementor-column-gap-default\">\n\t\t\t\t\t<div class=\"elementor-column elementor-col-100 elementor-top-column elementor-element elementor-element-7a61c77\" data-id=\"7a61c77\" data-element_type=\"column\" data-e-type=\"column\">\n\t\t\t<div class=\"elementor-widget-wrap elementor-element-populated\">\n\t\t\t\t\t\t<div class=\"elementor-element elementor-element-0e440ae elementor-widget elementor-widget-heading\" data-id=\"0e440ae\" data-element_type=\"widget\" data-e-type=\"widget\" data-widget_type=\"heading.default\">\n\t\t\t\t<div class=\"elementor-widget-container\">\n\t\t\t\t\t<h2 class=\"elementor-heading-title elementor-size-default\">Events and Training<\/h2>\t\t\t\t<\/div>\n\t\t\t\t<\/div>\n\t\t\t\t\t<\/div>\n\t\t<\/div>\n\t\t\t\t\t<\/div>\n\t\t<\/section>\n\t\t\t\t<section class=\"elementor-section elementor-top-section elementor-element elementor-element-e1cdc48 elementor-section-boxed elementor-section-height-default elementor-section-height-default\" data-id=\"e1cdc48\" data-element_type=\"section\" data-e-type=\"section\">\n\t\t\t\t\t\t<div class=\"elementor-container elementor-column-gap-default\">\n\t\t\t\t\t<div class=\"elementor-column elementor-col-100 elementor-top-column elementor-element elementor-element-feb532a\" data-id=\"feb532a\" data-element_type=\"column\" data-e-type=\"column\">\n\t\t\t<div class=\"elementor-widget-wrap elementor-element-populated\">\n\t\t\t\t\t\t<div class=\"elementor-element elementor-element-5549a89 elementor-widget elementor-widget-spacer\" data-id=\"5549a89\" data-element_type=\"widget\" data-e-type=\"widget\" data-widget_type=\"spacer.default\">\n\t\t\t\t<div class=\"elementor-widget-container\">\n\t\t\t\t\t\t\t<div class=\"elementor-spacer\">\n\t\t\t<div class=\"elementor-spacer-inner\"><\/div>\n\t\t<\/div>\n\t\t\t\t\t\t<\/div>\n\t\t\t\t<\/div>\n\t\t\t\t<div class=\"elementor-element elementor-element-9a9d89a elementor-widget elementor-widget-heading\" data-id=\"9a9d89a\" data-element_type=\"widget\" data-e-type=\"widget\" data-widget_type=\"heading.default\">\n\t\t\t\t<div class=\"elementor-widget-container\">\n\t\t\t\t\t<h2 class=\"elementor-heading-title elementor-size-default\">Bienvenidos a la p\u00e1gina de eventos y capacitaciones<\/h2>\t\t\t\t<\/div>\n\t\t\t\t<\/div>\n\t\t\t\t<div class=\"elementor-element elementor-element-3b24967 elementor-widget elementor-widget-text-editor\" data-id=\"3b24967\" data-element_type=\"widget\" data-e-type=\"widget\" data-widget_type=\"text-editor.default\">\n\t\t\t\t<div class=\"elementor-widget-container\">\n\t\t\t\t\t\t\t\t\t\n\n\n<h4 style=\"text-align: center;\">Aqu\u00ed encontrar\u00e1 las principales actividades que tendr\u00e1n lugar durante los pr\u00f3ximos d\u00edas y semanas.\nEstos eventos est\u00e1n abiertos a voluntarios, personal y p\u00fablico en general.<\/h4>\n&nbsp;\n<p style=\"text-align: center;\"><!-- EventON Calendar --><div id='evcal_calendar_474' class='ajde_evcal_calendar boxy color tbg1 boxstyle1 box_3 etttc_custom ajax_loading_cal' data-cal=''><div id='evcal_head' class='calendar_header ' ><div class='evo_cal_above evodfx evofx_dr_r marb5 evofx_ww'><span class='cal_head_btn evo-filter-btn'><em><\/em><\/span><span class='cal_head_btn evo-sort-btn'><div class='evo_header_drop_menu eventon_sort_line'><p data-val='sort_date' data-type='date' class='evs_btn evo_sort_option evs_hide select' >Date<\/p><p data-val='sort_title' data-type='title' class='evs_btn evo_sort_option ' >Title<\/p><p data-val='sort_posted' data-type='posted' class='evs_btn evo_sort_option ' >Post Date<\/p><\/div><\/span><span class='cal_head_btn evo-gototoday-btn' style='' data-mo='4' data-yr='2026' data-dy=''>Current Month<\/span><\/div><div class='evo_cal_above_content'><\/div><div class='evo_header_title '><div class='evo_header_mo evodfx evofx_ai_c'><div class='evo_loading_bar_holder h100 noMinH swipe' style=''><div class='evo_loading_bar wid_80% hi_40px' style='width:80%; height:40px; '><\/div><\/div><\/div><\/div><\/div><div class='evo_filter_bar evo_main_filter_bar eventon_sorting_section '><div class='evo_filter_container evodfx evo_fx_ai_c'><div class='evo_filter_container_in'><div class='eventon_filter_line' ><div class='evo_loading_bar_holder h100 loading_filters swipe' style='min-height:30px;'><div class='nesthold r g10'><div class='evo_loading_bar wid_100% hi_30px' style='width:100%; height:30px; margin-bottom:1px;'><\/div><div class='evo_loading_bar wid_100% hi_30px' style='width:100%; height:30px; margin-bottom:1px;'><\/div><div class='evo_loading_bar wid_100% hi_30px' style='width:100%; height:30px; margin-bottom:1px;'><\/div><div class='evo_loading_bar wid_100% hi_30px' style='width:100%; height:30px; margin-bottom:1px;'><\/div><div class='evo_loading_bar wid_100% hi_30px' style='width:100%; height:30px; margin-bottom:1px;'><\/div><\/div><\/div><\/div><\/div><div class='evo_filter_nav evo_filter_l'><i class='fa fa-chevron-left'><\/i><\/div><div class='evo_filter_nav evo_filter_r'><i class='fa fa-chevron-right'><\/i><\/div><\/div><div class='evo_filter_aply_btns'><\/div><div class='evo_filter_menu'><\/div><\/div><div id='eventon_loadbar_section'><div id='eventon_loadbar'><\/div><\/div><!-- Events List --><div class='evo_events_list_box'><div id='evcal_list' class='eventon_events_list '><div class='evo_loading_bar_holder h100 loading_e_tile swipe' style=''><div class='nest nest1 e'><div class='nesthold  g'><div class='evo_loading_bar wid_50% hi_55px' style='width:50%; height:55px; '><\/div><div class='evo_loading_bar wid_90% hi_30px' style='width:90%; height:30px; '><\/div><div class='evo_loading_bar wid_90% hi_30px' style='width:90%; height:30px; '><\/div><\/div><\/div><div class='nest nest1 e'><div class='nesthold  g'><div class='evo_loading_bar wid_50% hi_55px' style='width:50%; height:55px; '><\/div><div class='evo_loading_bar wid_90% hi_30px' style='width:90%; height:30px; '><\/div><div class='evo_loading_bar wid_90% hi_30px' style='width:90%; height:30px; '><\/div><\/div><\/div><div class='nest nest1 e'><div class='nesthold  g'><div class='evo_loading_bar wid_50% hi_55px' style='width:50%; height:55px; '><\/div><div class='evo_loading_bar wid_90% hi_30px' style='width:90%; height:30px; '><\/div><div class='evo_loading_bar wid_90% hi_30px' style='width:90%; height:30px; '><\/div><\/div><\/div><div class='nest nest1 e'><div class='nesthold  g'><div class='evo_loading_bar wid_50% hi_55px' style='width:50%; height:55px; '><\/div><div class='evo_loading_bar wid_90% hi_30px' style='width:90%; height:30px; '><\/div><div class='evo_loading_bar wid_90% hi_30px' style='width:90%; height:30px; '><\/div><\/div><\/div><div class='nest nest1 e'><div class='nesthold  g'><div class='evo_loading_bar wid_50% hi_55px' style='width:50%; height:55px; '><\/div><div class='evo_loading_bar wid_90% hi_30px' style='width:90%; height:30px; '><\/div><div class='evo_loading_bar wid_90% hi_30px' style='width:90%; height:30px; '><\/div><\/div><\/div><div class='nest nest1 e'><div class='nesthold  g'><div class='evo_loading_bar wid_50% hi_55px' style='width:50%; height:55px; '><\/div><div class='evo_loading_bar wid_90% hi_30px' style='width:90%; height:30px; '><\/div><div class='evo_loading_bar wid_90% hi_30px' style='width:90%; height:30px; '><\/div><\/div><\/div><\/div>\t\t\t<\/div>\r\n\t\t\t<\/div><!-- evo_events_list_box -->\t\r\n\t\t\t<div class='clear'><\/div>\r\n\t\t\t\t\t \t<div id='evcal_footer' class='evo_bottom' style='display:none'>\r\n\t\t \t\t<div class='evo_cal_data' data-sc=\"{&quot;accord&quot;:&quot;no&quot;,&quot;bottom_nav&quot;:&quot;no&quot;,&quot;cal_id&quot;:&quot;&quot;,&quot;cal_init_nonajax&quot;:&quot;no&quot;,&quot;calendar_type&quot;:&quot;default&quot;,&quot;ep_fields&quot;:&quot;&quot;,&quot;etc_override&quot;:&quot;no&quot;,&quot;evc_open&quot;:&quot;no&quot;,&quot;event_count&quot;:0,&quot;event_location&quot;:&quot;all&quot;,&quot;event_order&quot;:&quot;ASC&quot;,&quot;event_organizer&quot;:&quot;all&quot;,&quot;event_parts&quot;:&quot;no&quot;,&quot;event_past_future&quot;:&quot;all&quot;,&quot;event_status&quot;:&quot;all&quot;,&quot;event_tag&quot;:&quot;all&quot;,&quot;event_type&quot;:&quot;all&quot;,&quot;event_type_2&quot;:&quot;all&quot;,&quot;event_type_3&quot;:&quot;all&quot;,&quot;event_type_4&quot;:&quot;all&quot;,&quot;event_type_5&quot;:&quot;all&quot;,&quot;event_virtual&quot;:&quot;all&quot;,&quot;eventtop_date_style&quot;:0,&quot;eventtop_style&quot;:2,&quot;exp_jumper&quot;:&quot;no&quot;,&quot;exp_so&quot;:&quot;no&quot;,&quot;filter_relationship&quot;:&quot;AND&quot;,&quot;filter_show_set_only&quot;:&quot;no&quot;,&quot;filter_style&quot;:&quot;default&quot;,&quot;filter_type&quot;:&quot;default&quot;,&quot;filters&quot;:&quot;yes&quot;,&quot;fixed_month&quot;:&quot;4&quot;,&quot;fixed_year&quot;:&quot;2026&quot;,&quot;focus_end_date_range&quot;:&quot;1777593599&quot;,&quot;focus_start_date_range&quot;:&quot;1775001600&quot;,&quot;ft_event_priority&quot;:&quot;no&quot;,&quot;hide_arrows&quot;:&quot;no&quot;,&quot;hide_cancels&quot;:&quot;no&quot;,&quot;hide_empty_months&quot;:&quot;no&quot;,&quot;hide_end_time&quot;:&quot;no&quot;,&quot;hide_et_dn&quot;:&quot;no&quot;,&quot;hide_et_extra&quot;:&quot;no&quot;,&quot;hide_et_tags&quot;:&quot;no&quot;,&quot;hide_et_tl&quot;:&quot;no&quot;,&quot;hide_ft&quot;:&quot;no&quot;,&quot;hide_ft_img&quot;:&quot;no&quot;,&quot;hide_month_headers&quot;:&quot;no&quot;,&quot;hide_mult_occur&quot;:&quot;no&quot;,&quot;hide_past&quot;:&quot;no&quot;,&quot;hide_past_by&quot;:&quot;ee&quot;,&quot;hide_so&quot;:&quot;no&quot;,&quot;ics&quot;:&quot;no&quot;,&quot;jumper&quot;:&quot;no&quot;,&quot;jumper_count&quot;:5,&quot;jumper_offset&quot;:&quot;0&quot;,&quot;lang&quot;:&quot;L1&quot;,&quot;layout_changer&quot;:&quot;no&quot;,&quot;livenow_bar&quot;:&quot;yes&quot;,&quot;mapformat&quot;:&quot;roadmap&quot;,&quot;mapiconurl&quot;:&quot;&quot;,&quot;maps_load&quot;:&quot;yes&quot;,&quot;mapscroll&quot;:&quot;true&quot;,&quot;mapzoom&quot;:&quot;18&quot;,&quot;members_only&quot;:&quot;no&quot;,&quot;ml_priority&quot;:&quot;no&quot;,&quot;ml_toend&quot;:&quot;no&quot;,&quot;month_incre&quot;:0,&quot;number_of_months&quot;:&quot;1&quot;,&quot;only_ft&quot;:&quot;no&quot;,&quot;pec&quot;:&quot;&quot;,&quot;s&quot;:&quot;&quot;,&quot;search&quot;:&quot;&quot;,&quot;search_all&quot;:&quot;no&quot;,&quot;sep_month&quot;:&quot;no&quot;,&quot;show_et_ft_img&quot;:&quot;no&quot;,&quot;show_limit&quot;:&quot;no&quot;,&quot;show_limit_ajax&quot;:&quot;no&quot;,&quot;show_limit_paged&quot;:1,&quot;show_limit_redir&quot;:&quot;&quot;,&quot;show_repeats&quot;:&quot;no&quot;,&quot;show_search&quot;:&quot;no&quot;,&quot;show_upcoming&quot;:0,&quot;show_year&quot;:&quot;no&quot;,&quot;social_share&quot;:&quot;no&quot;,&quot;sort_by&quot;:&quot;sort_date&quot;,&quot;tile_bg&quot;:&quot;1&quot;,&quot;tile_bg_size&quot;:&quot;full&quot;,&quot;tile_count&quot;:&quot;3&quot;,&quot;tile_height&quot;:0,&quot;tile_style&quot;:&quot;1&quot;,&quot;tiles&quot;:&quot;yes&quot;,&quot;ux_val&quot;:&quot;0&quot;,&quot;view_switcher&quot;:&quot;no&quot;,&quot;wpml_l1&quot;:&quot;&quot;,&quot;wpml_l2&quot;:&quot;&quot;,&quot;wpml_l3&quot;:&quot;&quot;,&quot;yl_priority&quot;:&quot;no&quot;,&quot;yl_toend&quot;:&quot;no&quot;,&quot;fixed_day&quot;:&quot;27&quot;,&quot;_cver&quot;:&quot;4.9.1&quot;}\" data-filter_data=\"{&quot;event_type&quot;:{&quot;__name&quot;:&quot;Event Type &quot;,&quot;__tax&quot;:&quot;event_type&quot;,&quot;__filter_type&quot;:&quot;tax&quot;,&quot;__def_val&quot;:[&quot;all&quot;],&quot;__invals&quot;:[&quot;all&quot;],&quot;__notvals&quot;:[],&quot;__list&quot;:{&quot;all&quot;:[&quot;all&quot;,&quot;All&quot;],&quot;events&quot;:[939,&quot;Events&quot;,false,&quot;y&quot;],&quot;live-webcas&quot;:[1009,&quot;LIVE webcas&quot;,false,&quot;n&quot;],&quot;online-training&quot;:[931,&quot;Online Training&quot;,false,&quot;y&quot;],&quot;panel&quot;:[994,&quot;Panel&quot;,false,&quot;y&quot;],&quot;seminar&quot;:[958,&quot;Seminar&quot;,false,&quot;y&quot;],&quot;training&quot;:[934,&quot;Training&quot;,false,&quot;y&quot;],&quot;webinar&quot;:[930,&quot;Webinar&quot;,false,&quot;y&quot;],&quot;workshop&quot;:[957,&quot;Workshop&quot;,false,&quot;y&quot;]},&quot;nterms&quot;:[&quot;all&quot;],&quot;tterms&quot;:[&quot;all&quot;],&quot;terms&quot;:[&quot;all&quot;]},&quot;event_location&quot;:{&quot;__name&quot;:&quot;Event Location&quot;,&quot;__tax&quot;:&quot;event_location&quot;,&quot;__filter_type&quot;:&quot;tax&quot;,&quot;__def_val&quot;:[&quot;all&quot;],&quot;__invals&quot;:[&quot;all&quot;],&quot;__notvals&quot;:[],&quot;__list&quot;:{&quot;all&quot;:[&quot;all&quot;,&quot;All&quot;],&quot;centro-de-recursos-de-medios-de-vida-crmdv&quot;:[940,&quot;Centro de Recursos de Medios de Vida (CRMDV)&quot;,false,&quot;y&quot;],&quot;centro-de-referencia-en-preparacion-para-desastres-crepd&quot;:[937,&quot;Centro de Referencia en preparaci\\u00f3n para Desastres (CREPD)&quot;,false,&quot;y&quot;],&quot;facebook-live&quot;:[961,&quot;Facebook Live&quot;,false,&quot;y&quot;],&quot;gfarc-team&quot;:[1007,&quot;GFARC Team&quot;,false,&quot;y&quot;],&quot;ifcr-office-panama&quot;:[933,&quot;IFCR Office Panama&quot;,false,&quot;y&quot;],&quot;inter-agency-network-for-edcuation-in-emergencies-inee&quot;:[938,&quot;Inter-agency Network for Edcuation in Emergencies (INEE)&quot;,false,&quot;y&quot;],&quot;microsoft-teams&quot;:[941,&quot;Microsoft Teams&quot;,false,&quot;y&quot;],&quot;online-platform&quot;:[935,&quot;Online Platform&quot;,false,&quot;y&quot;],&quot;webex&quot;:[943,&quot;Webex&quot;,false,&quot;y&quot;],&quot;you-tube&quot;:[976,&quot;You Tube&quot;,false,&quot;y&quot;],&quot;zoom&quot;:[932,&quot;ZOOM&quot;,false,&quot;y&quot;]},&quot;nterms&quot;:[&quot;all&quot;],&quot;tterms&quot;:[&quot;all&quot;],&quot;terms&quot;:[&quot;all&quot;]},&quot;event_organizer&quot;:{&quot;__name&quot;:&quot;Event Organizer&quot;,&quot;__tax&quot;:&quot;event_organizer&quot;,&quot;__filter_type&quot;:&quot;tax&quot;,&quot;__def_val&quot;:[&quot;all&quot;],&quot;__invals&quot;:[&quot;all&quot;],&quot;__notvals&quot;:[],&quot;__list&quot;:{&quot;all&quot;:[&quot;all&quot;,&quot;All&quot;],&quot;adrienne-arsht-rockefeller-foundation-resilience-center-and-ifrc&quot;:[964,&quot;Adrienne Arsht-Rockefeller Foundation Resilience Center and IFRC&quot;,false,&quot;y&quot;],&quot;american-red-cross&quot;:[950,&quot;American Red Cross&quot;,false,&quot;y&quot;],&quot;apolitical-germany&quot;:[949,&quot;Apolitical - Germany&quot;,false,&quot;y&quot;],&quot;asociacion-goal-internacional&quot;:[963,&quot;Asociaci\\u00f3n GOAL Internacional&quot;,false,&quot;y&quot;],&quot;belize-red-cross&quot;:[992,&quot;Belize Red Cross&quot;,false,&quot;y&quot;],&quot;british-red-cross&quot;:[986,&quot;British Red Cross&quot;,false,&quot;y&quot;],&quot;cash-hub&quot;:[982,&quot;CASH HUB.&quot;,false,&quot;y&quot;],&quot;cccm-lac&quot;:[969,&quot;CCCM LAC&quot;,false,&quot;y&quot;],&quot;centro-de-mundial-referencia-en-primeros-auxilios&quot;:[998,&quot;Centro de Mundial Referencia en Primeros Auxilios&quot;,false,&quot;y&quot;],&quot;centro-de-recursos-de-medios-de-vida-crmdv&quot;:[942,&quot;Centro de Recursos de Medios de Vida (CRMDV)&quot;,false,&quot;y&quot;],&quot;centro-de-referencia-de-primeros-auxilios-de-francia&quot;:[977,&quot;Centro de Referencia de Primeros Auxilios de Francia&quot;,false,&quot;y&quot;],&quot;climatered-summit&quot;:[979,&quot;Climate:Red Summit&quot;,false,&quot;y&quot;],&quot;cr-juventud-ecuador&quot;:[989,&quot;CR Juventud-Ecuador&quot;,false,&quot;y&quot;],&quot;crepd&quot;:[968,&quot;CREPD&quot;,false,&quot;y&quot;],&quot;cruz-roja-colombiana&quot;:[995,&quot;Cruz Roja Colombiana&quot;,false,&quot;y&quot;],&quot;cruz-roja-ecuatoriana-junta-provincial-de-imbabura&quot;:[951,&quot;Cruz Roja Ecuatoriana Junta Provincial de Imbabura&quot;,false,&quot;y&quot;],&quot;cruz-roja-espanola&quot;:[953,&quot;Cruz Roja Espa\\u00f1ola&quot;,false,&quot;y&quot;],&quot;cruz-roja-mexicana-delegacion-de-oaxaca&quot;:[970,&quot;Cruz Roja Mexicana delegaci\\u00f3n de OAXACA&quot;,false,&quot;y&quot;],&quot;dcprr-regional-departamento-de-reduccion-de-riesgo-a-desastres&quot;:[985,&quot;DCPRR Regional, departamento de Reducci\\u00f3n de Riesgo a Desastres&quot;,false,&quot;y&quot;],&quot;cruz-roja-dominicana&quot;:[997,&quot;Dominican Red Cross&quot;,false,&quot;y&quot;],&quot;cruz-roja-ecuatoriana&quot;:[956,&quot;Ecuadorian Red Cross&quot;,false,&quot;y&quot;],&quot;ficr-centro-de-referencia-psicosocial-unidad-de-salud-ora-y-estrella-de-david-roja&quot;:[987,&quot;FICR Centro de Referencia Psicosocial, Unidad de Salud ORA y Estrella de David Roja&quot;,false,&quot;y&quot;],&quot;ficr-ginebra-y-new-york-ocha-y-onu-mujeres&quot;:[984,&quot;FICR Ginebra y New York, OCHA y ONU Mujeres&quot;,false,&quot;y&quot;],&quot;forecast-based-financing-ifrc&quot;:[990,&quot;Forecast Based Financing - IFRC&quot;,false,&quot;y&quot;],&quot;gfarc-team&quot;:[1008,&quot;GFARC Team&quot;,false,&quot;y&quot;],&quot;global-prepare-center&quot;:[971,&quot;Global Prepare Center&quot;,false,&quot;y&quot;],&quot;global-resilient-cities-network&quot;:[947,&quot;Global Resilient Cities Network&quot;,false,&quot;y&quot;],&quot;grupo-regional-de-educacion-america-latina-y-el-caribe-gestion-del-riesgo-desastres-y-migracion-y-orealc-unesco-santiago&quot;:[965,&quot;Grupo Regional de Educaci\\u00f3n Am\\u00e9rica Latina y el Caribe Gesti\\u00f3n del Riesgo, Desastres y Migraci\\u00f3n y OREALC\\\/UNESCO Santiago&quot;,false,&quot;y&quot;],&quot;health-unit-ifcr&quot;:[960,&quot;Health unit-IFCR&quot;,false,&quot;y&quot;],&quot;icrc-ifrc&quot;:[966,&quot;ICRC - IFRC&quot;,false,&quot;y&quot;],&quot;ifrc&quot;:[936,&quot;IFRC&quot;,false,&quot;y&quot;],&quot;ifcr-cepredenac&quot;:[955,&quot;IFRC - CEPREDENAC&quot;,false,&quot;y&quot;],&quot;ifrc-climate-center&quot;:[972,&quot;IFRC - Climate Center&quot;,false,&quot;y&quot;],&quot;ifrc-red-cross-red-crescent-climate-centre&quot;:[967,&quot;IFRC - Red Cross Red Crescent Climate Centre&quot;,false,&quot;y&quot;],&quot;ifrc-americas&quot;:[944,&quot;IFRC Americas&quot;,false,&quot;y&quot;],&quot;ifcr-and-canadian-red-cross-crc&quot;:[954,&quot;IFRC and Canadian Red Cross (CRC&quot;,false,&quot;y&quot;],&quot;ifcr-education-team&quot;:[959,&quot;IFRC Education Team&quot;,false,&quot;y&quot;],&quot;ifcr-panama&quot;:[952,&quot;IFRC Panam\\u00e1&quot;,false,&quot;y&quot;],&quot;ifrc-peru&quot;:[978,&quot;IFRC Per\\u00fa&quot;,false,&quot;y&quot;],&quot;ifrc-pgi&quot;:[981,&quot;IFRC- PGI&quot;,false,&quot;y&quot;],&quot;ifrc-crepd-and-cadrim&quot;:[1029,&quot;IFRC, CREPD, and CADRIM&quot;,false,&quot;y&quot;],&quot;inee&quot;:[975,&quot;INEE&quot;,false,&quot;y&quot;],&quot;jamaica-red-cross&quot;:[996,&quot;Jamaica Red Cross&quot;,false,&quot;y&quot;],&quot;manejo-de-informacion-crepd&quot;:[974,&quot;Manejo de Informaci\\u00f3n - CREPD&quot;,false,&quot;y&quot;],&quot;cruz-roja-mexicana&quot;:[991,&quot;Mexican Red Cross&quot;,false,&quot;y&quot;],&quot;oficina-regional-de-las-americas&quot;:[993,&quot;Oficina Regional de las Am\\u00e9ricas.&quot;,false,&quot;y&quot;],&quot;organizacion-de-estados-del-caribe-oriental-caribbean-disaster-emergency-management-agency-cdema&quot;:[973,&quot;Organizaci\\u00f3n de Estados del Caribe Oriental - Caribbean Disaster Emergency Management Agency (CDEMA).&quot;,false,&quot;y&quot;],&quot;paho&quot;:[983,&quot;PAHO&quot;,false,&quot;y&quot;],&quot;prepare-center&quot;:[962,&quot;Prepare Center&quot;,false,&quot;y&quot;],&quot;undrr-climate-centre-y-ifrc&quot;:[988,&quot;UNDRR, Climate Centre y IFRC&quot;,false,&quot;y&quot;]},&quot;nterms&quot;:[&quot;all&quot;],&quot;tterms&quot;:[&quot;all&quot;],&quot;terms&quot;:[&quot;all&quot;]}}\" data-nav_data=\"{&quot;month_title&quot;:&quot;&lt;p id=&#039;evcal_cur&#039; class=&#039;evo_month_title padr10&#039;&gt; April, 2026&lt;\\\/p&gt;&quot;,&quot;arrows&quot;:&quot;&lt;p class=&#039;evo_arrows&#039;&gt;\\r\\n\\t\\t\\t\\t\\t&lt;span id=&#039;evcal_prev&#039; class=&#039;evcal_arrows evcal_btn_prev evodfx evofx_jc_c evofx_ai_c&#039; &gt;&lt;i class=&#039;fa fa-chevron-left&#039;&gt;&lt;\\\/i&gt;&lt;\\\/span&gt;\\r\\n\\t\\t\\t\\t\\t&lt;span id=&#039;evcal_next&#039; class=&#039;evcal_arrows evo_arrow_next evcal_btn_next evodfx evofx_jc_c evofx_ai_c&#039; &gt;&lt;i class=&#039;fa fa-chevron-right&#039;&gt;&lt;\\\/i&gt;&lt;\\\/span&gt;\\r\\n\\t\\t\\t\\t\\t&lt;\\\/p&gt;&quot;}\" data-od=\"{&quot;lang_no_events&quot;:&quot;No Events&quot;,&quot;cal_tz_offset&quot;:0,&quot;cal_tz&quot;:&quot;UTC&quot;}\" ><\/div>\r\n\t\t \t\t<div class='evo_cal_events' data-events=\"\"><\/div>\r\n\t\t \t<\/div>\r\n\t\t\t\t\r\n\t\t\t\r\n\t\t\t\t\t\t<\/div><!-- EventON End -->\r\n\t\t\t<\/p>\n&nbsp;\n<h4 style=\"text-align: center;\">\u00a1Gracias por unirte a nuestros eventos!<\/h4>\n\t\t\t\t\t\t\t\t<\/div>\n\t\t\t\t<\/div>\n\t\t\t\t\t<\/div>\n\t\t<\/div>\n\t\t\t\t\t<\/div>\n\t\t<\/section>\n\t\t\t\t<\/div>\n\t\t","protected":false},"excerpt":{"rendered":"<p>Events and Training Welcome to the events and training page Here you will find the main activities that will take place during the coming days and weeks. These events are open to volunteers, staff and the general public &nbsp; &nbsp; Thanks for joining our events!<\/p>\n","protected":false},"author":1,"featured_media":0,"parent":0,"menu_order":0,"comment_status":"closed","ping_status":"closed","template":"plantilla_recursos-2023.php","meta":{"_acf_changed":false,"_bbp_topic_count":0,"_bbp_reply_count":0,"_bbp_total_topic_count":0,"_bbp_total_reply_count":0,"_bbp_voice_count":0,"_bbp_anonymous_reply_count":0,"_bbp_topic_count_hidden":0,"_bbp_reply_count_hidden":0,"_bbp_forum_subforum_count":0,"two_page_speed":{"current_score":{"desktop_score":64,"desktop_tti":"3.6\u00a0","mobile_score":62,"mobile_tti":"14.8\u00a0","date":"27.04.2026 01:29:53 am","status":"error_no_score"}},"footnotes":""},"class_list":["post-5721","page","type-page","status-publish","hentry"],"acf":[],"_links":{"self":[{"href":"https:\/\/volunteeringredcross.org\/en\/wp-json\/wp\/v2\/pages\/5721","targetHints":{"allow":["GET"]}}],"collection":[{"href":"https:\/\/volunteeringredcross.org\/en\/wp-json\/wp\/v2\/pages"}],"about":[{"href":"https:\/\/volunteeringredcross.org\/en\/wp-json\/wp\/v2\/types\/page"}],"author":[{"embeddable":true,"href":"https:\/\/volunteeringredcross.org\/en\/wp-json\/wp\/v2\/users\/1"}],"replies":[{"embeddable":true,"href":"https:\/\/volunteeringredcross.org\/en\/wp-json\/wp\/v2\/comments?post=5721"}],"version-history":[{"count":141,"href":"https:\/\/volunteeringredcross.org\/en\/wp-json\/wp\/v2\/pages\/5721\/revisions"}],"predecessor-version":[{"id":25448,"href":"https:\/\/volunteeringredcross.org\/en\/wp-json\/wp\/v2\/pages\/5721\/revisions\/25448"}],"wp:attachment":[{"href":"https:\/\/volunteeringredcross.org\/en\/wp-json\/wp\/v2\/media?parent=5721"}],"curies":[{"name":"wp","href":"https:\/\/api.w.org\/{rel}","templated":true}]}}